{"id":10661,"date":"2021-03-29T14:10:32","date_gmt":"2021-03-29T12:10:32","guid":{"rendered":"https:\/\/www.brides-les-bains.com\/ete\/?page_id=10661"},"modified":"2025-08-20T16:33:05","modified_gmt":"2025-08-20T14:33:05","slug":"hiking-in-the-alps","status":"publish","type":"page","link":"https:\/\/www.brides-les-bains.com\/ete\/en\/sport-activities\/hiking-in-the-alps\/","title":{"rendered":"Hiking in the Alps"},"content":{"rendered":"","protected":false},"excerpt":{"rendered":"","protected":false},"author":2,"featured_media":1340,"parent":10994,"menu_order":0,"comment_status":"closed","ping_status":"closed","template":"","meta":{"_acf_changed":false,"inline_featured_image":false,"footnotes":""},"class_list":["post-10661","page","type-page","status-publish","has-post-thumbnail","hentry"],"acf":[],"yoast_head":"<!-- This site is optimized with the Yoast SEO plugin v27.3 - https:\/\/yoast.com\/product\/yoast-seo-wordpress\/ -->\n<title>Hiking in Savoie: advice and itineraries | Brides-les-Bains<\/title>\n<meta name=\"description\" content=\"Whether you&#039;re a beginner or a seasoned hiker, you&#039;ll get your fill of fresh air on one of our hiking trails in the Vanoise National Park and Les 3 Vall\u00e9es mountain ranges.\" \/>\n<meta name=\"robots\" content=\"index, follow, max-snippet:-1, max-image-preview:large, max-video-preview:-1\" \/>\n<link rel=\"canonical\" href=\"https:\/\/www.brides-les-bains.com\/ete\/en\/sport-activities\/hiking-in-the-alps\/\" \/>\n<meta property=\"og:locale\" content=\"fr_FR\" \/>\n<meta property=\"og:type\" content=\"article\" \/>\n<meta property=\"og:title\" content=\"Hiking in Savoie: advice and itineraries | Brides-les-Bains\" \/>\n<meta property=\"og:description\" content=\"Whether you&#039;re a beginner or a seasoned hiker, you&#039;ll get your fill of fresh air on one of our hiking trails in the Vanoise National Park and Les 3 Vall\u00e9es mountain ranges.\" \/>\n<meta property=\"og:url\" content=\"https:\/\/www.brides-les-bains.com\/ete\/en\/sport-activities\/hiking-in-the-alps\/\" \/>\n<meta property=\"og:site_name\" content=\"\u00c9t\u00e9 _ Brides Les Bains\" \/>\n<meta property=\"article:modified_time\" content=\"2025-08-20T14:33:05+00:00\" \/>\n<meta property=\"og:image\" content=\"https:\/\/www.brides-les-bains.com\/ete\/wp-content\/uploads\/sites\/2\/2017\/12\/rando-23-1900-1.jpg\" \/>\n\t<meta property=\"og:image:width\" content=\"1901\" \/>\n\t<meta property=\"og:image:height\" content=\"602\" \/>\n\t<meta property=\"og:image:type\" content=\"image\/jpeg\" \/>\n<meta name=\"twitter:card\" content=\"summary_large_image\" \/>\n<meta name=\"twitter:label1\" content=\"Dur\u00e9e de lecture estim\u00e9e\" \/>\n\t<meta name=\"twitter:data1\" content=\"1 minute\" \/>\n<script type=\"application\/ld+json\" class=\"yoast-schema-graph\">{\"@context\":\"https:\\\/\\\/schema.org\",\"@graph\":[{\"@type\":\"WebPage\",\"@id\":\"https:\\\/\\\/www.brides-les-bains.com\\\/ete\\\/en\\\/sport-activities\\\/hiking-in-the-alps\\\/\",\"url\":\"https:\\\/\\\/www.brides-les-bains.com\\\/ete\\\/en\\\/sport-activities\\\/hiking-in-the-alps\\\/\",\"name\":\"Hiking in Savoie: advice and itineraries | Brides-les-Bains\",\"isPartOf\":{\"@id\":\"https:\\\/\\\/www.brides-les-bains.com\\\/ete\\\/#website\"},\"primaryImageOfPage\":{\"@id\":\"https:\\\/\\\/www.brides-les-bains.com\\\/ete\\\/en\\\/sport-activities\\\/hiking-in-the-alps\\\/#primaryimage\"},\"image\":{\"@id\":\"https:\\\/\\\/www.brides-les-bains.com\\\/ete\\\/en\\\/sport-activities\\\/hiking-in-the-alps\\\/#primaryimage\"},\"thumbnailUrl\":\"https:\\\/\\\/www.brides-les-bains.com\\\/ete\\\/wp-content\\\/uploads\\\/sites\\\/2\\\/2017\\\/12\\\/rando-23-1900-1.jpg\",\"datePublished\":\"2021-03-29T12:10:32+00:00\",\"dateModified\":\"2025-08-20T14:33:05+00:00\",\"description\":\"Whether you're a beginner or a seasoned hiker, you'll get your fill of fresh air on one of our hiking trails in the Vanoise National Park and Les 3 Vall\u00e9es mountain ranges.\",\"breadcrumb\":{\"@id\":\"https:\\\/\\\/www.brides-les-bains.com\\\/ete\\\/en\\\/sport-activities\\\/hiking-in-the-alps\\\/#breadcrumb\"},\"inLanguage\":\"fr-FR\",\"potentialAction\":[{\"@type\":\"ReadAction\",\"target\":[\"https:\\\/\\\/www.brides-les-bains.com\\\/ete\\\/en\\\/sport-activities\\\/hiking-in-the-alps\\\/\"]}]},{\"@type\":\"ImageObject\",\"inLanguage\":\"fr-FR\",\"@id\":\"https:\\\/\\\/www.brides-les-bains.com\\\/ete\\\/en\\\/sport-activities\\\/hiking-in-the-alps\\\/#primaryimage\",\"url\":\"https:\\\/\\\/www.brides-les-bains.com\\\/ete\\\/wp-content\\\/uploads\\\/sites\\\/2\\\/2017\\\/12\\\/rando-23-1900-1.jpg\",\"contentUrl\":\"https:\\\/\\\/www.brides-les-bains.com\\\/ete\\\/wp-content\\\/uploads\\\/sites\\\/2\\\/2017\\\/12\\\/rando-23-1900-1.jpg\",\"width\":1901,\"height\":602},{\"@type\":\"BreadcrumbList\",\"@id\":\"https:\\\/\\\/www.brides-les-bains.com\\\/ete\\\/en\\\/sport-activities\\\/hiking-in-the-alps\\\/#breadcrumb\",\"itemListElement\":[{\"@type\":\"ListItem\",\"position\":1,\"name\":\"Home\",\"item\":\"https:\\\/\\\/www.brides-les-bains.com\\\/ete\\\/\"},{\"@type\":\"ListItem\",\"position\":2,\"name\":\"sport-activities\",\"item\":\"https:\\\/\\\/www.brides-les-bains.com\\\/ete\\\/en\\\/sport-activities\\\/\"},{\"@type\":\"ListItem\",\"position\":3,\"name\":\"Hiking in the Alps\"}]},{\"@type\":\"WebSite\",\"@id\":\"https:\\\/\\\/www.brides-les-bains.com\\\/ete\\\/#website\",\"url\":\"https:\\\/\\\/www.brides-les-bains.com\\\/ete\\\/\",\"name\":\"\u00c9t\u00e9 _ Brides Les Bains\",\"description\":\"L&#039;\u00e9t\u00e9 \u00e0 Brides Les Bains\",\"publisher\":{\"@id\":\"https:\\\/\\\/www.brides-les-bains.com\\\/ete\\\/#organization\"},\"potentialAction\":[{\"@type\":\"SearchAction\",\"target\":{\"@type\":\"EntryPoint\",\"urlTemplate\":\"https:\\\/\\\/www.brides-les-bains.com\\\/ete\\\/?s={search_term_string}\"},\"query-input\":{\"@type\":\"PropertyValueSpecification\",\"valueRequired\":true,\"valueName\":\"search_term_string\"}}],\"inLanguage\":\"fr-FR\"},{\"@type\":\"Organization\",\"@id\":\"https:\\\/\\\/www.brides-les-bains.com\\\/ete\\\/#organization\",\"name\":\"Office de Tourisme de Brides-les-Bains\",\"url\":\"https:\\\/\\\/www.brides-les-bains.com\\\/ete\\\/\",\"logo\":{\"@type\":\"ImageObject\",\"inLanguage\":\"fr-FR\",\"@id\":\"https:\\\/\\\/www.brides-les-bains.com\\\/ete\\\/#\\\/schema\\\/logo\\\/image\\\/\",\"url\":\"https:\\\/\\\/www.brides-les-bains.com\\\/ete\\\/wp-content\\\/uploads\\\/sites\\\/2\\\/2017\\\/12\\\/pictos_logo-BLB.svg\",\"contentUrl\":\"https:\\\/\\\/www.brides-les-bains.com\\\/ete\\\/wp-content\\\/uploads\\\/sites\\\/2\\\/2017\\\/12\\\/pictos_logo-BLB.svg\",\"width\":187,\"height\":170,\"caption\":\"Office de Tourisme de Brides-les-Bains\"},\"image\":{\"@id\":\"https:\\\/\\\/www.brides-les-bains.com\\\/ete\\\/#\\\/schema\\\/logo\\\/image\\\/\"}}]}<\/script>\n<!-- \/ Yoast SEO plugin. -->","yoast_head_json":{"title":"Hiking in Savoie: advice and itineraries | Brides-les-Bains","description":"Whether you're a beginner or a seasoned hiker, you'll get your fill of fresh air on one of our hiking trails in the Vanoise National Park and Les 3 Vall\u00e9es mountain ranges.","robots":{"index":"index","follow":"follow","max-snippet":"max-snippet:-1","max-image-preview":"max-image-preview:large","max-video-preview":"max-video-preview:-1"},"canonical":"https:\/\/www.brides-les-bains.com\/ete\/en\/sport-activities\/hiking-in-the-alps\/","og_locale":"fr_FR","og_type":"article","og_title":"Hiking in Savoie: advice and itineraries | Brides-les-Bains","og_description":"Whether you're a beginner or a seasoned hiker, you'll get your fill of fresh air on one of our hiking trails in the Vanoise National Park and Les 3 Vall\u00e9es mountain ranges.","og_url":"https:\/\/www.brides-les-bains.com\/ete\/en\/sport-activities\/hiking-in-the-alps\/","og_site_name":"\u00c9t\u00e9 _ Brides Les Bains","article_modified_time":"2025-08-20T14:33:05+00:00","og_image":[{"width":1901,"height":602,"url":"https:\/\/www.brides-les-bains.com\/ete\/wp-content\/uploads\/sites\/2\/2017\/12\/rando-23-1900-1.jpg","type":"image\/jpeg"}],"twitter_card":"summary_large_image","twitter_misc":{"Dur\u00e9e de lecture estim\u00e9e":"1 minute"},"schema":{"@context":"https:\/\/schema.org","@graph":[{"@type":"WebPage","@id":"https:\/\/www.brides-les-bains.com\/ete\/en\/sport-activities\/hiking-in-the-alps\/","url":"https:\/\/www.brides-les-bains.com\/ete\/en\/sport-activities\/hiking-in-the-alps\/","name":"Hiking in Savoie: advice and itineraries | Brides-les-Bains","isPartOf":{"@id":"https:\/\/www.brides-les-bains.com\/ete\/#website"},"primaryImageOfPage":{"@id":"https:\/\/www.brides-les-bains.com\/ete\/en\/sport-activities\/hiking-in-the-alps\/#primaryimage"},"image":{"@id":"https:\/\/www.brides-les-bains.com\/ete\/en\/sport-activities\/hiking-in-the-alps\/#primaryimage"},"thumbnailUrl":"https:\/\/www.brides-les-bains.com\/ete\/wp-content\/uploads\/sites\/2\/2017\/12\/rando-23-1900-1.jpg","datePublished":"2021-03-29T12:10:32+00:00","dateModified":"2025-08-20T14:33:05+00:00","description":"Whether you're a beginner or a seasoned hiker, you'll get your fill of fresh air on one of our hiking trails in the Vanoise National Park and Les 3 Vall\u00e9es mountain ranges.","breadcrumb":{"@id":"https:\/\/www.brides-les-bains.com\/ete\/en\/sport-activities\/hiking-in-the-alps\/#breadcrumb"},"inLanguage":"fr-FR","potentialAction":[{"@type":"ReadAction","target":["https:\/\/www.brides-les-bains.com\/ete\/en\/sport-activities\/hiking-in-the-alps\/"]}]},{"@type":"ImageObject","inLanguage":"fr-FR","@id":"https:\/\/www.brides-les-bains.com\/ete\/en\/sport-activities\/hiking-in-the-alps\/#primaryimage","url":"https:\/\/www.brides-les-bains.com\/ete\/wp-content\/uploads\/sites\/2\/2017\/12\/rando-23-1900-1.jpg","contentUrl":"https:\/\/www.brides-les-bains.com\/ete\/wp-content\/uploads\/sites\/2\/2017\/12\/rando-23-1900-1.jpg","width":1901,"height":602},{"@type":"BreadcrumbList","@id":"https:\/\/www.brides-les-bains.com\/ete\/en\/sport-activities\/hiking-in-the-alps\/#breadcrumb","itemListElement":[{"@type":"ListItem","position":1,"name":"Home","item":"https:\/\/www.brides-les-bains.com\/ete\/"},{"@type":"ListItem","position":2,"name":"sport-activities","item":"https:\/\/www.brides-les-bains.com\/ete\/en\/sport-activities\/"},{"@type":"ListItem","position":3,"name":"Hiking in the Alps"}]},{"@type":"WebSite","@id":"https:\/\/www.brides-les-bains.com\/ete\/#website","url":"https:\/\/www.brides-les-bains.com\/ete\/","name":"\u00c9t\u00e9 _ Brides Les Bains","description":"L&#039;\u00e9t\u00e9 \u00e0 Brides Les Bains","publisher":{"@id":"https:\/\/www.brides-les-bains.com\/ete\/#organization"},"potentialAction":[{"@type":"SearchAction","target":{"@type":"EntryPoint","urlTemplate":"https:\/\/www.brides-les-bains.com\/ete\/?s={search_term_string}"},"query-input":{"@type":"PropertyValueSpecification","valueRequired":true,"valueName":"search_term_string"}}],"inLanguage":"fr-FR"},{"@type":"Organization","@id":"https:\/\/www.brides-les-bains.com\/ete\/#organization","name":"Office de Tourisme de Brides-les-Bains","url":"https:\/\/www.brides-les-bains.com\/ete\/","logo":{"@type":"ImageObject","inLanguage":"fr-FR","@id":"https:\/\/www.brides-les-bains.com\/ete\/#\/schema\/logo\/image\/","url":"https:\/\/www.brides-les-bains.com\/ete\/wp-content\/uploads\/sites\/2\/2017\/12\/pictos_logo-BLB.svg","contentUrl":"https:\/\/www.brides-les-bains.com\/ete\/wp-content\/uploads\/sites\/2\/2017\/12\/pictos_logo-BLB.svg","width":187,"height":170,"caption":"Office de Tourisme de Brides-les-Bains"},"image":{"@id":"https:\/\/www.brides-les-bains.com\/ete\/#\/schema\/logo\/image\/"}}]}},"_links":{"self":[{"href":"https:\/\/www.brides-les-bains.com\/ete\/wp-json\/wp\/v2\/pages\/10661","targetHints":{"allow":["GET"]}}],"collection":[{"href":"https:\/\/www.brides-les-bains.com\/ete\/wp-json\/wp\/v2\/pages"}],"about":[{"href":"https:\/\/www.brides-les-bains.com\/ete\/wp-json\/wp\/v2\/types\/page"}],"author":[{"embeddable":true,"href":"https:\/\/www.brides-les-bains.com\/ete\/wp-json\/wp\/v2\/users\/2"}],"replies":[{"embeddable":true,"href":"https:\/\/www.brides-les-bains.com\/ete\/wp-json\/wp\/v2\/comments?post=10661"}],"version-history":[{"count":0,"href":"https:\/\/www.brides-les-bains.com\/ete\/wp-json\/wp\/v2\/pages\/10661\/revisions"}],"up":[{"embeddable":true,"href":"https:\/\/www.brides-les-bains.com\/ete\/wp-json\/wp\/v2\/pages\/10994"}],"wp:featuredmedia":[{"embeddable":true,"href":"https:\/\/www.brides-les-bains.com\/ete\/wp-json\/wp\/v2\/media\/1340"}],"wp:attachment":[{"href":"https:\/\/www.brides-les-bains.com\/ete\/wp-json\/wp\/v2\/media?parent=10661"}],"curies":[{"name":"wp","href":"https:\/\/api.w.org\/{rel}","templated":true}]}}