{"id":13743,"date":"2025-03-07T10:32:44","date_gmt":"2025-03-07T09:32:44","guid":{"rendered":"https:\/\/www.brides-les-bains.com\/ete\/?page_id=13743"},"modified":"2026-01-28T11:16:50","modified_gmt":"2026-01-28T10:16:50","slug":"discover-mini-spa-treatments","status":"publish","type":"page","link":"https:\/\/www.brides-les-bains.com\/ete\/en\/spa-well-being\/discover-mini-spa-treatments\/","title":{"rendered":"Discover mini spa treatments"},"content":{"rendered":"","protected":false},"excerpt":{"rendered":"","protected":false},"author":2,"featured_media":13711,"parent":1546,"menu_order":0,"comment_status":"closed","ping_status":"closed","template":"","meta":{"_acf_changed":false,"inline_featured_image":false,"footnotes":""},"class_list":["post-13743","page","type-page","status-publish","has-post-thumbnail","hentry"],"acf":[],"yoast_head":"<!-- This site is optimized with the Yoast SEO plugin v27.3 - https:\/\/yoast.com\/product\/yoast-seo-wordpress\/ -->\n<title>Mini spa treatments: well-being in a few days | Brides-les-Bains<\/title>\n<meta name=\"description\" content=\"Discover the benefits of mini spa treatments at Brides-les-Bains. Treat yourself to a health and well-being break with personalised treatments in an exceptional natural setting. Book now!\" \/>\n<meta name=\"robots\" content=\"index, follow, max-snippet:-1, max-image-preview:large, max-video-preview:-1\" \/>\n<link rel=\"canonical\" href=\"https:\/\/www.brides-les-bains.com\/ete\/en\/spa-well-being\/discover-mini-spa-treatments\/\" \/>\n<meta property=\"og:locale\" content=\"fr_FR\" \/>\n<meta property=\"og:type\" content=\"article\" \/>\n<meta property=\"og:title\" content=\"Mini spa treatments: well-being in a few days | Brides-les-Bains\" \/>\n<meta property=\"og:description\" content=\"Discover the benefits of mini spa treatments at Brides-les-Bains. Treat yourself to a health and well-being break with personalised treatments in an exceptional natural setting. Book now!\" \/>\n<meta property=\"og:url\" content=\"https:\/\/www.brides-les-bains.com\/ete\/en\/spa-well-being\/discover-mini-spa-treatments\/\" \/>\n<meta property=\"og:site_name\" content=\"\u00c9t\u00e9 _ Brides Les Bains\" \/>\n<meta property=\"article:modified_time\" content=\"2026-01-28T10:16:50+00:00\" \/>\n<meta property=\"og:image\" content=\"https:\/\/www.brides-les-bains.com\/ete\/wp-content\/uploads\/sites\/2\/2025\/02\/mini-cures-thermales-1900.jpg\" \/>\n\t<meta property=\"og:image:width\" content=\"1900\" \/>\n\t<meta property=\"og:image:height\" content=\"600\" \/>\n\t<meta property=\"og:image:type\" content=\"image\/jpeg\" \/>\n<meta name=\"twitter:card\" content=\"summary_large_image\" \/>\n<meta name=\"twitter:label1\" content=\"Dur\u00e9e de lecture estim\u00e9e\" \/>\n\t<meta name=\"twitter:data1\" content=\"1 minute\" \/>\n<script type=\"application\/ld+json\" class=\"yoast-schema-graph\">{\"@context\":\"https:\\\/\\\/schema.org\",\"@graph\":[{\"@type\":\"WebPage\",\"@id\":\"https:\\\/\\\/www.brides-les-bains.com\\\/ete\\\/en\\\/spa-well-being\\\/discover-mini-spa-treatments\\\/\",\"url\":\"https:\\\/\\\/www.brides-les-bains.com\\\/ete\\\/en\\\/spa-well-being\\\/discover-mini-spa-treatments\\\/\",\"name\":\"Mini spa treatments: well-being in a few days | Brides-les-Bains\",\"isPartOf\":{\"@id\":\"https:\\\/\\\/www.brides-les-bains.com\\\/ete\\\/#website\"},\"primaryImageOfPage\":{\"@id\":\"https:\\\/\\\/www.brides-les-bains.com\\\/ete\\\/en\\\/spa-well-being\\\/discover-mini-spa-treatments\\\/#primaryimage\"},\"image\":{\"@id\":\"https:\\\/\\\/www.brides-les-bains.com\\\/ete\\\/en\\\/spa-well-being\\\/discover-mini-spa-treatments\\\/#primaryimage\"},\"thumbnailUrl\":\"https:\\\/\\\/www.brides-les-bains.com\\\/ete\\\/wp-content\\\/uploads\\\/sites\\\/2\\\/2025\\\/02\\\/mini-cures-thermales-1900.jpg\",\"datePublished\":\"2025-03-07T09:32:44+00:00\",\"dateModified\":\"2026-01-28T10:16:50+00:00\",\"description\":\"Discover the benefits of mini spa treatments at Brides-les-Bains. Treat yourself to a health and well-being break with personalised treatments in an exceptional natural setting. Book now!\",\"breadcrumb\":{\"@id\":\"https:\\\/\\\/www.brides-les-bains.com\\\/ete\\\/en\\\/spa-well-being\\\/discover-mini-spa-treatments\\\/#breadcrumb\"},\"inLanguage\":\"fr-FR\",\"potentialAction\":[{\"@type\":\"ReadAction\",\"target\":[\"https:\\\/\\\/www.brides-les-bains.com\\\/ete\\\/en\\\/spa-well-being\\\/discover-mini-spa-treatments\\\/\"]}]},{\"@type\":\"ImageObject\",\"inLanguage\":\"fr-FR\",\"@id\":\"https:\\\/\\\/www.brides-les-bains.com\\\/ete\\\/en\\\/spa-well-being\\\/discover-mini-spa-treatments\\\/#primaryimage\",\"url\":\"https:\\\/\\\/www.brides-les-bains.com\\\/ete\\\/wp-content\\\/uploads\\\/sites\\\/2\\\/2025\\\/02\\\/mini-cures-thermales-1900.jpg\",\"contentUrl\":\"https:\\\/\\\/www.brides-les-bains.com\\\/ete\\\/wp-content\\\/uploads\\\/sites\\\/2\\\/2025\\\/02\\\/mini-cures-thermales-1900.jpg\",\"width\":1900,\"height\":600,\"caption\":\"Mini cures thermales\"},{\"@type\":\"BreadcrumbList\",\"@id\":\"https:\\\/\\\/www.brides-les-bains.com\\\/ete\\\/en\\\/spa-well-being\\\/discover-mini-spa-treatments\\\/#breadcrumb\",\"itemListElement\":[{\"@type\":\"ListItem\",\"position\":1,\"name\":\"Home\",\"item\":\"https:\\\/\\\/www.brides-les-bains.com\\\/ete\\\/\"},{\"@type\":\"ListItem\",\"position\":2,\"name\":\"Spa &#038; Well-being at Brides\",\"item\":\"https:\\\/\\\/www.brides-les-bains.com\\\/ete\\\/en\\\/spa-well-being\\\/\"},{\"@type\":\"ListItem\",\"position\":3,\"name\":\"Discover mini spa treatments\"}]},{\"@type\":\"WebSite\",\"@id\":\"https:\\\/\\\/www.brides-les-bains.com\\\/ete\\\/#website\",\"url\":\"https:\\\/\\\/www.brides-les-bains.com\\\/ete\\\/\",\"name\":\"\u00c9t\u00e9 _ Brides Les Bains\",\"description\":\"L&#039;\u00e9t\u00e9 \u00e0 Brides Les Bains\",\"publisher\":{\"@id\":\"https:\\\/\\\/www.brides-les-bains.com\\\/ete\\\/#organization\"},\"potentialAction\":[{\"@type\":\"SearchAction\",\"target\":{\"@type\":\"EntryPoint\",\"urlTemplate\":\"https:\\\/\\\/www.brides-les-bains.com\\\/ete\\\/?s={search_term_string}\"},\"query-input\":{\"@type\":\"PropertyValueSpecification\",\"valueRequired\":true,\"valueName\":\"search_term_string\"}}],\"inLanguage\":\"fr-FR\"},{\"@type\":\"Organization\",\"@id\":\"https:\\\/\\\/www.brides-les-bains.com\\\/ete\\\/#organization\",\"name\":\"Office de Tourisme de Brides-les-Bains\",\"url\":\"https:\\\/\\\/www.brides-les-bains.com\\\/ete\\\/\",\"logo\":{\"@type\":\"ImageObject\",\"inLanguage\":\"fr-FR\",\"@id\":\"https:\\\/\\\/www.brides-les-bains.com\\\/ete\\\/#\\\/schema\\\/logo\\\/image\\\/\",\"url\":\"https:\\\/\\\/www.brides-les-bains.com\\\/ete\\\/wp-content\\\/uploads\\\/sites\\\/2\\\/2017\\\/12\\\/pictos_logo-BLB.svg\",\"contentUrl\":\"https:\\\/\\\/www.brides-les-bains.com\\\/ete\\\/wp-content\\\/uploads\\\/sites\\\/2\\\/2017\\\/12\\\/pictos_logo-BLB.svg\",\"width\":187,\"height\":170,\"caption\":\"Office de Tourisme de Brides-les-Bains\"},\"image\":{\"@id\":\"https:\\\/\\\/www.brides-les-bains.com\\\/ete\\\/#\\\/schema\\\/logo\\\/image\\\/\"}}]}<\/script>\n<!-- \/ Yoast SEO plugin. -->","yoast_head_json":{"title":"Mini spa treatments: well-being in a few days | Brides-les-Bains","description":"Discover the benefits of mini spa treatments at Brides-les-Bains. Treat yourself to a health and well-being break with personalised treatments in an exceptional natural setting. Book now!","robots":{"index":"index","follow":"follow","max-snippet":"max-snippet:-1","max-image-preview":"max-image-preview:large","max-video-preview":"max-video-preview:-1"},"canonical":"https:\/\/www.brides-les-bains.com\/ete\/en\/spa-well-being\/discover-mini-spa-treatments\/","og_locale":"fr_FR","og_type":"article","og_title":"Mini spa treatments: well-being in a few days | Brides-les-Bains","og_description":"Discover the benefits of mini spa treatments at Brides-les-Bains. Treat yourself to a health and well-being break with personalised treatments in an exceptional natural setting. Book now!","og_url":"https:\/\/www.brides-les-bains.com\/ete\/en\/spa-well-being\/discover-mini-spa-treatments\/","og_site_name":"\u00c9t\u00e9 _ Brides Les Bains","article_modified_time":"2026-01-28T10:16:50+00:00","og_image":[{"width":1900,"height":600,"url":"https:\/\/www.brides-les-bains.com\/ete\/wp-content\/uploads\/sites\/2\/2025\/02\/mini-cures-thermales-1900.jpg","type":"image\/jpeg"}],"twitter_card":"summary_large_image","twitter_misc":{"Dur\u00e9e de lecture estim\u00e9e":"1 minute"},"schema":{"@context":"https:\/\/schema.org","@graph":[{"@type":"WebPage","@id":"https:\/\/www.brides-les-bains.com\/ete\/en\/spa-well-being\/discover-mini-spa-treatments\/","url":"https:\/\/www.brides-les-bains.com\/ete\/en\/spa-well-being\/discover-mini-spa-treatments\/","name":"Mini spa treatments: well-being in a few days | Brides-les-Bains","isPartOf":{"@id":"https:\/\/www.brides-les-bains.com\/ete\/#website"},"primaryImageOfPage":{"@id":"https:\/\/www.brides-les-bains.com\/ete\/en\/spa-well-being\/discover-mini-spa-treatments\/#primaryimage"},"image":{"@id":"https:\/\/www.brides-les-bains.com\/ete\/en\/spa-well-being\/discover-mini-spa-treatments\/#primaryimage"},"thumbnailUrl":"https:\/\/www.brides-les-bains.com\/ete\/wp-content\/uploads\/sites\/2\/2025\/02\/mini-cures-thermales-1900.jpg","datePublished":"2025-03-07T09:32:44+00:00","dateModified":"2026-01-28T10:16:50+00:00","description":"Discover the benefits of mini spa treatments at Brides-les-Bains. Treat yourself to a health and well-being break with personalised treatments in an exceptional natural setting. Book now!","breadcrumb":{"@id":"https:\/\/www.brides-les-bains.com\/ete\/en\/spa-well-being\/discover-mini-spa-treatments\/#breadcrumb"},"inLanguage":"fr-FR","potentialAction":[{"@type":"ReadAction","target":["https:\/\/www.brides-les-bains.com\/ete\/en\/spa-well-being\/discover-mini-spa-treatments\/"]}]},{"@type":"ImageObject","inLanguage":"fr-FR","@id":"https:\/\/www.brides-les-bains.com\/ete\/en\/spa-well-being\/discover-mini-spa-treatments\/#primaryimage","url":"https:\/\/www.brides-les-bains.com\/ete\/wp-content\/uploads\/sites\/2\/2025\/02\/mini-cures-thermales-1900.jpg","contentUrl":"https:\/\/www.brides-les-bains.com\/ete\/wp-content\/uploads\/sites\/2\/2025\/02\/mini-cures-thermales-1900.jpg","width":1900,"height":600,"caption":"Mini cures thermales"},{"@type":"BreadcrumbList","@id":"https:\/\/www.brides-les-bains.com\/ete\/en\/spa-well-being\/discover-mini-spa-treatments\/#breadcrumb","itemListElement":[{"@type":"ListItem","position":1,"name":"Home","item":"https:\/\/www.brides-les-bains.com\/ete\/"},{"@type":"ListItem","position":2,"name":"Spa &#038; Well-being at Brides","item":"https:\/\/www.brides-les-bains.com\/ete\/en\/spa-well-being\/"},{"@type":"ListItem","position":3,"name":"Discover mini spa treatments"}]},{"@type":"WebSite","@id":"https:\/\/www.brides-les-bains.com\/ete\/#website","url":"https:\/\/www.brides-les-bains.com\/ete\/","name":"\u00c9t\u00e9 _ Brides Les Bains","description":"L&#039;\u00e9t\u00e9 \u00e0 Brides Les Bains","publisher":{"@id":"https:\/\/www.brides-les-bains.com\/ete\/#organization"},"potentialAction":[{"@type":"SearchAction","target":{"@type":"EntryPoint","urlTemplate":"https:\/\/www.brides-les-bains.com\/ete\/?s={search_term_string}"},"query-input":{"@type":"PropertyValueSpecification","valueRequired":true,"valueName":"search_term_string"}}],"inLanguage":"fr-FR"},{"@type":"Organization","@id":"https:\/\/www.brides-les-bains.com\/ete\/#organization","name":"Office de Tourisme de Brides-les-Bains","url":"https:\/\/www.brides-les-bains.com\/ete\/","logo":{"@type":"ImageObject","inLanguage":"fr-FR","@id":"https:\/\/www.brides-les-bains.com\/ete\/#\/schema\/logo\/image\/","url":"https:\/\/www.brides-les-bains.com\/ete\/wp-content\/uploads\/sites\/2\/2017\/12\/pictos_logo-BLB.svg","contentUrl":"https:\/\/www.brides-les-bains.com\/ete\/wp-content\/uploads\/sites\/2\/2017\/12\/pictos_logo-BLB.svg","width":187,"height":170,"caption":"Office de Tourisme de Brides-les-Bains"},"image":{"@id":"https:\/\/www.brides-les-bains.com\/ete\/#\/schema\/logo\/image\/"}}]}},"_links":{"self":[{"href":"https:\/\/www.brides-les-bains.com\/ete\/wp-json\/wp\/v2\/pages\/13743","targetHints":{"allow":["GET"]}}],"collection":[{"href":"https:\/\/www.brides-les-bains.com\/ete\/wp-json\/wp\/v2\/pages"}],"about":[{"href":"https:\/\/www.brides-les-bains.com\/ete\/wp-json\/wp\/v2\/types\/page"}],"author":[{"embeddable":true,"href":"https:\/\/www.brides-les-bains.com\/ete\/wp-json\/wp\/v2\/users\/2"}],"replies":[{"embeddable":true,"href":"https:\/\/www.brides-les-bains.com\/ete\/wp-json\/wp\/v2\/comments?post=13743"}],"version-history":[{"count":0,"href":"https:\/\/www.brides-les-bains.com\/ete\/wp-json\/wp\/v2\/pages\/13743\/revisions"}],"up":[{"embeddable":true,"href":"https:\/\/www.brides-les-bains.com\/ete\/wp-json\/wp\/v2\/pages\/1546"}],"wp:featuredmedia":[{"embeddable":true,"href":"https:\/\/www.brides-les-bains.com\/ete\/wp-json\/wp\/v2\/media\/13711"}],"wp:attachment":[{"href":"https:\/\/www.brides-les-bains.com\/ete\/wp-json\/wp\/v2\/media?parent=13743"}],"curies":[{"name":"wp","href":"https:\/\/api.w.org\/{rel}","templated":true}]}}