{"id":1420,"date":"2017-12-12T09:38:05","date_gmt":"2017-12-12T08:38:05","guid":{"rendered":"http:\/\/www.brides-les-bains.com\/ete\/meteo\/"},"modified":"2017-12-12T09:40:05","modified_gmt":"2017-12-12T08:40:05","slug":"meteo","status":"publish","type":"page","link":"https:\/\/www.brides-les-bains.com\/ete\/meteo\/","title":{"rendered":"M\u00e9teo"},"content":{"rendered":"","protected":false},"excerpt":{"rendered":"","protected":false},"author":2,"featured_media":1422,"parent":0,"menu_order":0,"comment_status":"closed","ping_status":"closed","template":"","meta":{"_acf_changed":false,"inline_featured_image":false,"footnotes":""},"class_list":["post-1420","page","type-page","status-publish","has-post-thumbnail","hentry"],"acf":[],"yoast_head":"<!-- This site is optimized with the Yoast SEO plugin v27.4 - https:\/\/yoast.com\/product\/yoast-seo-wordpress\/ -->\n<title>M\u00e9t\u00e9o Brides les Bains - M\u00e9t\u00e9o trois Vall\u00e9es - Enneigement 3 Vall\u00e9es - Bulletin neige Brides les Bains<\/title>\n<meta name=\"description\" content=\"Enneigement et m\u00e9t\u00e9o des trois Vall\u00e9es. Pour tout savoir du niveau d&#039;enneigement de Brides les Bains et du domaine skiable des 3 Vall\u00e9es, rendez-vous sur le site de l&#039;Office de Tourisme de la station de ski.\" \/>\n<meta name=\"robots\" content=\"index, follow, max-snippet:-1, max-image-preview:large, max-video-preview:-1\" \/>\n<link rel=\"canonical\" href=\"https:\/\/www.brides-les-bains.com\/ete\/meteo\/\" \/>\n<meta property=\"og:locale\" content=\"fr_FR\" \/>\n<meta property=\"og:type\" content=\"article\" \/>\n<meta property=\"og:title\" content=\"M\u00e9t\u00e9o Brides les Bains - M\u00e9t\u00e9o trois Vall\u00e9es - Enneigement 3 Vall\u00e9es - Bulletin neige Brides les Bains\" \/>\n<meta property=\"og:description\" content=\"Enneigement et m\u00e9t\u00e9o des trois Vall\u00e9es. Pour tout savoir du niveau d&#039;enneigement de Brides les Bains et du domaine skiable des 3 Vall\u00e9es, rendez-vous sur le site de l&#039;Office de Tourisme de la station de ski.\" \/>\n<meta property=\"og:url\" content=\"https:\/\/www.brides-les-bains.com\/ete\/meteo\/\" \/>\n<meta property=\"og:site_name\" content=\"\u00c9t\u00e9 _ Brides Les Bains\" \/>\n<meta property=\"article:modified_time\" content=\"2017-12-12T08:40:05+00:00\" \/>\n<meta property=\"og:image\" content=\"https:\/\/www.brides-les-bains.com\/ete\/wp-content\/uploads\/sites\/2\/2017\/12\/ville-brides-ete_1900.jpg\" \/>\n\t<meta property=\"og:image:width\" content=\"1900\" \/>\n\t<meta property=\"og:image:height\" content=\"602\" \/>\n\t<meta property=\"og:image:type\" content=\"image\/jpeg\" \/>\n<meta name=\"twitter:card\" content=\"summary_large_image\" \/>\n<script type=\"application\/ld+json\" class=\"yoast-schema-graph\">{\"@context\":\"https:\\\/\\\/schema.org\",\"@graph\":[{\"@type\":\"WebPage\",\"@id\":\"https:\\\/\\\/www.brides-les-bains.com\\\/ete\\\/meteo\\\/\",\"url\":\"https:\\\/\\\/www.brides-les-bains.com\\\/ete\\\/meteo\\\/\",\"name\":\"M\u00e9t\u00e9o Brides les Bains - M\u00e9t\u00e9o trois Vall\u00e9es - Enneigement 3 Vall\u00e9es - Bulletin neige Brides les Bains\",\"isPartOf\":{\"@id\":\"https:\\\/\\\/www.brides-les-bains.com\\\/ete\\\/#website\"},\"primaryImageOfPage\":{\"@id\":\"https:\\\/\\\/www.brides-les-bains.com\\\/ete\\\/meteo\\\/#primaryimage\"},\"image\":{\"@id\":\"https:\\\/\\\/www.brides-les-bains.com\\\/ete\\\/meteo\\\/#primaryimage\"},\"thumbnailUrl\":\"https:\\\/\\\/www.brides-les-bains.com\\\/ete\\\/wp-content\\\/uploads\\\/sites\\\/2\\\/2017\\\/12\\\/ville-brides-ete_1900.jpg\",\"datePublished\":\"2017-12-12T08:38:05+00:00\",\"dateModified\":\"2017-12-12T08:40:05+00:00\",\"description\":\"Enneigement et m\u00e9t\u00e9o des trois Vall\u00e9es. Pour tout savoir du niveau d'enneigement de Brides les Bains et du domaine skiable des 3 Vall\u00e9es, rendez-vous sur le site de l'Office de Tourisme de la station de ski.\",\"breadcrumb\":{\"@id\":\"https:\\\/\\\/www.brides-les-bains.com\\\/ete\\\/meteo\\\/#breadcrumb\"},\"inLanguage\":\"fr-FR\",\"potentialAction\":[{\"@type\":\"ReadAction\",\"target\":[\"https:\\\/\\\/www.brides-les-bains.com\\\/ete\\\/meteo\\\/\"]}]},{\"@type\":\"ImageObject\",\"inLanguage\":\"fr-FR\",\"@id\":\"https:\\\/\\\/www.brides-les-bains.com\\\/ete\\\/meteo\\\/#primaryimage\",\"url\":\"https:\\\/\\\/www.brides-les-bains.com\\\/ete\\\/wp-content\\\/uploads\\\/sites\\\/2\\\/2017\\\/12\\\/ville-brides-ete_1900.jpg\",\"contentUrl\":\"https:\\\/\\\/www.brides-les-bains.com\\\/ete\\\/wp-content\\\/uploads\\\/sites\\\/2\\\/2017\\\/12\\\/ville-brides-ete_1900.jpg\",\"width\":1900,\"height\":602},{\"@type\":\"BreadcrumbList\",\"@id\":\"https:\\\/\\\/www.brides-les-bains.com\\\/ete\\\/meteo\\\/#breadcrumb\",\"itemListElement\":[{\"@type\":\"ListItem\",\"position\":1,\"name\":\"Home\",\"item\":\"https:\\\/\\\/www.brides-les-bains.com\\\/ete\\\/\"},{\"@type\":\"ListItem\",\"position\":2,\"name\":\"M\u00e9teo\"}]},{\"@type\":\"WebSite\",\"@id\":\"https:\\\/\\\/www.brides-les-bains.com\\\/ete\\\/#website\",\"url\":\"https:\\\/\\\/www.brides-les-bains.com\\\/ete\\\/\",\"name\":\"\u00c9t\u00e9 _ Brides Les Bains\",\"description\":\"L&#039;\u00e9t\u00e9 \u00e0 Brides Les Bains\",\"publisher\":{\"@id\":\"https:\\\/\\\/www.brides-les-bains.com\\\/ete\\\/#organization\"},\"potentialAction\":[{\"@type\":\"SearchAction\",\"target\":{\"@type\":\"EntryPoint\",\"urlTemplate\":\"https:\\\/\\\/www.brides-les-bains.com\\\/ete\\\/?s={search_term_string}\"},\"query-input\":{\"@type\":\"PropertyValueSpecification\",\"valueRequired\":true,\"valueName\":\"search_term_string\"}}],\"inLanguage\":\"fr-FR\"},{\"@type\":\"Organization\",\"@id\":\"https:\\\/\\\/www.brides-les-bains.com\\\/ete\\\/#organization\",\"name\":\"Office de Tourisme de Brides-les-Bains\",\"url\":\"https:\\\/\\\/www.brides-les-bains.com\\\/ete\\\/\",\"logo\":{\"@type\":\"ImageObject\",\"inLanguage\":\"fr-FR\",\"@id\":\"https:\\\/\\\/www.brides-les-bains.com\\\/ete\\\/#\\\/schema\\\/logo\\\/image\\\/\",\"url\":\"https:\\\/\\\/www.brides-les-bains.com\\\/ete\\\/wp-content\\\/uploads\\\/sites\\\/2\\\/2017\\\/12\\\/pictos_logo-BLB.svg\",\"contentUrl\":\"https:\\\/\\\/www.brides-les-bains.com\\\/ete\\\/wp-content\\\/uploads\\\/sites\\\/2\\\/2017\\\/12\\\/pictos_logo-BLB.svg\",\"width\":187,\"height\":170,\"caption\":\"Office de Tourisme de Brides-les-Bains\"},\"image\":{\"@id\":\"https:\\\/\\\/www.brides-les-bains.com\\\/ete\\\/#\\\/schema\\\/logo\\\/image\\\/\"}}]}<\/script>\n<!-- \/ Yoast SEO plugin. -->","yoast_head_json":{"title":"M\u00e9t\u00e9o Brides les Bains - M\u00e9t\u00e9o trois Vall\u00e9es - Enneigement 3 Vall\u00e9es - Bulletin neige Brides les Bains","description":"Enneigement et m\u00e9t\u00e9o des trois Vall\u00e9es. Pour tout savoir du niveau d'enneigement de Brides les Bains et du domaine skiable des 3 Vall\u00e9es, rendez-vous sur le site de l'Office de Tourisme de la station de ski.","robots":{"index":"index","follow":"follow","max-snippet":"max-snippet:-1","max-image-preview":"max-image-preview:large","max-video-preview":"max-video-preview:-1"},"canonical":"https:\/\/www.brides-les-bains.com\/ete\/meteo\/","og_locale":"fr_FR","og_type":"article","og_title":"M\u00e9t\u00e9o Brides les Bains - M\u00e9t\u00e9o trois Vall\u00e9es - Enneigement 3 Vall\u00e9es - Bulletin neige Brides les Bains","og_description":"Enneigement et m\u00e9t\u00e9o des trois Vall\u00e9es. Pour tout savoir du niveau d'enneigement de Brides les Bains et du domaine skiable des 3 Vall\u00e9es, rendez-vous sur le site de l'Office de Tourisme de la station de ski.","og_url":"https:\/\/www.brides-les-bains.com\/ete\/meteo\/","og_site_name":"\u00c9t\u00e9 _ Brides Les Bains","article_modified_time":"2017-12-12T08:40:05+00:00","og_image":[{"width":1900,"height":602,"url":"https:\/\/www.brides-les-bains.com\/ete\/wp-content\/uploads\/sites\/2\/2017\/12\/ville-brides-ete_1900.jpg","type":"image\/jpeg"}],"twitter_card":"summary_large_image","schema":{"@context":"https:\/\/schema.org","@graph":[{"@type":"WebPage","@id":"https:\/\/www.brides-les-bains.com\/ete\/meteo\/","url":"https:\/\/www.brides-les-bains.com\/ete\/meteo\/","name":"M\u00e9t\u00e9o Brides les Bains - M\u00e9t\u00e9o trois Vall\u00e9es - Enneigement 3 Vall\u00e9es - Bulletin neige Brides les Bains","isPartOf":{"@id":"https:\/\/www.brides-les-bains.com\/ete\/#website"},"primaryImageOfPage":{"@id":"https:\/\/www.brides-les-bains.com\/ete\/meteo\/#primaryimage"},"image":{"@id":"https:\/\/www.brides-les-bains.com\/ete\/meteo\/#primaryimage"},"thumbnailUrl":"https:\/\/www.brides-les-bains.com\/ete\/wp-content\/uploads\/sites\/2\/2017\/12\/ville-brides-ete_1900.jpg","datePublished":"2017-12-12T08:38:05+00:00","dateModified":"2017-12-12T08:40:05+00:00","description":"Enneigement et m\u00e9t\u00e9o des trois Vall\u00e9es. Pour tout savoir du niveau d'enneigement de Brides les Bains et du domaine skiable des 3 Vall\u00e9es, rendez-vous sur le site de l'Office de Tourisme de la station de ski.","breadcrumb":{"@id":"https:\/\/www.brides-les-bains.com\/ete\/meteo\/#breadcrumb"},"inLanguage":"fr-FR","potentialAction":[{"@type":"ReadAction","target":["https:\/\/www.brides-les-bains.com\/ete\/meteo\/"]}]},{"@type":"ImageObject","inLanguage":"fr-FR","@id":"https:\/\/www.brides-les-bains.com\/ete\/meteo\/#primaryimage","url":"https:\/\/www.brides-les-bains.com\/ete\/wp-content\/uploads\/sites\/2\/2017\/12\/ville-brides-ete_1900.jpg","contentUrl":"https:\/\/www.brides-les-bains.com\/ete\/wp-content\/uploads\/sites\/2\/2017\/12\/ville-brides-ete_1900.jpg","width":1900,"height":602},{"@type":"BreadcrumbList","@id":"https:\/\/www.brides-les-bains.com\/ete\/meteo\/#breadcrumb","itemListElement":[{"@type":"ListItem","position":1,"name":"Home","item":"https:\/\/www.brides-les-bains.com\/ete\/"},{"@type":"ListItem","position":2,"name":"M\u00e9teo"}]},{"@type":"WebSite","@id":"https:\/\/www.brides-les-bains.com\/ete\/#website","url":"https:\/\/www.brides-les-bains.com\/ete\/","name":"\u00c9t\u00e9 _ Brides Les Bains","description":"L&#039;\u00e9t\u00e9 \u00e0 Brides Les Bains","publisher":{"@id":"https:\/\/www.brides-les-bains.com\/ete\/#organization"},"potentialAction":[{"@type":"SearchAction","target":{"@type":"EntryPoint","urlTemplate":"https:\/\/www.brides-les-bains.com\/ete\/?s={search_term_string}"},"query-input":{"@type":"PropertyValueSpecification","valueRequired":true,"valueName":"search_term_string"}}],"inLanguage":"fr-FR"},{"@type":"Organization","@id":"https:\/\/www.brides-les-bains.com\/ete\/#organization","name":"Office de Tourisme de Brides-les-Bains","url":"https:\/\/www.brides-les-bains.com\/ete\/","logo":{"@type":"ImageObject","inLanguage":"fr-FR","@id":"https:\/\/www.brides-les-bains.com\/ete\/#\/schema\/logo\/image\/","url":"https:\/\/www.brides-les-bains.com\/ete\/wp-content\/uploads\/sites\/2\/2017\/12\/pictos_logo-BLB.svg","contentUrl":"https:\/\/www.brides-les-bains.com\/ete\/wp-content\/uploads\/sites\/2\/2017\/12\/pictos_logo-BLB.svg","width":187,"height":170,"caption":"Office de Tourisme de Brides-les-Bains"},"image":{"@id":"https:\/\/www.brides-les-bains.com\/ete\/#\/schema\/logo\/image\/"}}]}},"_links":{"self":[{"href":"https:\/\/www.brides-les-bains.com\/ete\/wp-json\/wp\/v2\/pages\/1420","targetHints":{"allow":["GET"]}}],"collection":[{"href":"https:\/\/www.brides-les-bains.com\/ete\/wp-json\/wp\/v2\/pages"}],"about":[{"href":"https:\/\/www.brides-les-bains.com\/ete\/wp-json\/wp\/v2\/types\/page"}],"author":[{"embeddable":true,"href":"https:\/\/www.brides-les-bains.com\/ete\/wp-json\/wp\/v2\/users\/2"}],"replies":[{"embeddable":true,"href":"https:\/\/www.brides-les-bains.com\/ete\/wp-json\/wp\/v2\/comments?post=1420"}],"version-history":[{"count":0,"href":"https:\/\/www.brides-les-bains.com\/ete\/wp-json\/wp\/v2\/pages\/1420\/revisions"}],"wp:featuredmedia":[{"embeddable":true,"href":"https:\/\/www.brides-les-bains.com\/ete\/wp-json\/wp\/v2\/media\/1422"}],"wp:attachment":[{"href":"https:\/\/www.brides-les-bains.com\/ete\/wp-json\/wp\/v2\/media?parent=1420"}],"curies":[{"name":"wp","href":"https:\/\/api.w.org\/{rel}","templated":true}]}}