{"id":14323,"date":"2026-03-13T10:55:36","date_gmt":"2026-03-13T09:55:36","guid":{"rendered":"https:\/\/www.brides-les-bains.com\/ete\/?page_id=14323"},"modified":"2026-03-16T17:47:08","modified_gmt":"2026-03-16T16:47:08","slug":"et-si-vous-preniez-enfin-soin-de-vous","status":"publish","type":"page","link":"https:\/\/www.brides-les-bains.com\/ete\/et-si-vous-preniez-enfin-soin-de-vous\/","title":{"rendered":"Et si vous preniez enfin soin de vous ?"},"content":{"rendered":"","protected":false},"excerpt":{"rendered":"","protected":false},"author":2,"featured_media":12210,"parent":0,"menu_order":0,"comment_status":"closed","ping_status":"closed","template":"","meta":{"_acf_changed":false,"inline_featured_image":false,"footnotes":""},"class_list":["post-14323","page","type-page","status-publish","has-post-thumbnail","hentry"],"acf":[],"yoast_head":"<!-- This site is optimized with the Yoast SEO plugin v27.4 - https:\/\/yoast.com\/product\/yoast-seo-wordpress\/ -->\n<title>S\u00e9jour Bien-\u00catre \u00e0 Brides-les-Bains | Offres exclusives avec Luana Belmondo<\/title>\n<meta name=\"description\" content=\"Luana Belmondo a choisi Brides-les-Bains pour se ressourcer et elle vous invite \u00e0 en faire autant. Soins thermaux, activit\u00e9s bien-\u00eatre et h\u00e9bergements s\u00e9lectionn\u00e9s : jusqu&#039;\u00e0 20 % de remise avec le code LUANA26.\" \/>\n<meta name=\"robots\" content=\"index, follow, max-snippet:-1, max-image-preview:large, max-video-preview:-1\" \/>\n<link rel=\"canonical\" href=\"https:\/\/www.brides-les-bains.com\/ete\/et-si-vous-preniez-enfin-soin-de-vous\/\" \/>\n<meta property=\"og:locale\" content=\"fr_FR\" \/>\n<meta property=\"og:type\" content=\"article\" \/>\n<meta property=\"og:title\" content=\"S\u00e9jour Bien-\u00catre \u00e0 Brides-les-Bains | Offres exclusives avec Luana Belmondo\" \/>\n<meta property=\"og:description\" content=\"Luana Belmondo a choisi Brides-les-Bains pour se ressourcer et elle vous invite \u00e0 en faire autant. Soins thermaux, activit\u00e9s bien-\u00eatre et h\u00e9bergements s\u00e9lectionn\u00e9s : jusqu&#039;\u00e0 20 % de remise avec le code LUANA26.\" \/>\n<meta property=\"og:url\" content=\"https:\/\/www.brides-les-bains.com\/ete\/et-si-vous-preniez-enfin-soin-de-vous\/\" \/>\n<meta property=\"og:site_name\" content=\"\u00c9t\u00e9 _ Brides Les Bains\" \/>\n<meta property=\"article:modified_time\" content=\"2026-03-16T16:47:08+00:00\" \/>\n<meta property=\"og:image\" content=\"https:\/\/www.brides-les-bains.com\/ete\/wp-content\/uploads\/sites\/2\/2022\/07\/BLB_SOIN_BANDEAU_1900x600-min.jpg\" \/>\n\t<meta property=\"og:image:width\" content=\"1900\" \/>\n\t<meta property=\"og:image:height\" content=\"600\" \/>\n\t<meta property=\"og:image:type\" content=\"image\/jpeg\" \/>\n<meta name=\"twitter:card\" content=\"summary_large_image\" \/>\n<meta name=\"twitter:label1\" content=\"Dur\u00e9e de lecture estim\u00e9e\" \/>\n\t<meta name=\"twitter:data1\" content=\"1 minute\" \/>\n<script type=\"application\/ld+json\" class=\"yoast-schema-graph\">{\"@context\":\"https:\\\/\\\/schema.org\",\"@graph\":[{\"@type\":\"WebPage\",\"@id\":\"https:\\\/\\\/www.brides-les-bains.com\\\/ete\\\/et-si-vous-preniez-enfin-soin-de-vous\\\/\",\"url\":\"https:\\\/\\\/www.brides-les-bains.com\\\/ete\\\/et-si-vous-preniez-enfin-soin-de-vous\\\/\",\"name\":\"S\u00e9jour Bien-\u00catre \u00e0 Brides-les-Bains | Offres exclusives avec Luana Belmondo\",\"isPartOf\":{\"@id\":\"https:\\\/\\\/www.brides-les-bains.com\\\/ete\\\/#website\"},\"primaryImageOfPage\":{\"@id\":\"https:\\\/\\\/www.brides-les-bains.com\\\/ete\\\/et-si-vous-preniez-enfin-soin-de-vous\\\/#primaryimage\"},\"image\":{\"@id\":\"https:\\\/\\\/www.brides-les-bains.com\\\/ete\\\/et-si-vous-preniez-enfin-soin-de-vous\\\/#primaryimage\"},\"thumbnailUrl\":\"https:\\\/\\\/www.brides-les-bains.com\\\/ete\\\/wp-content\\\/uploads\\\/sites\\\/2\\\/2022\\\/07\\\/BLB_SOIN_BANDEAU_1900x600-min.jpg\",\"datePublished\":\"2026-03-13T09:55:36+00:00\",\"dateModified\":\"2026-03-16T16:47:08+00:00\",\"description\":\"Luana Belmondo a choisi Brides-les-Bains pour se ressourcer et elle vous invite \u00e0 en faire autant. Soins thermaux, activit\u00e9s bien-\u00eatre et h\u00e9bergements s\u00e9lectionn\u00e9s : jusqu'\u00e0 20 % de remise avec le code LUANA26.\",\"breadcrumb\":{\"@id\":\"https:\\\/\\\/www.brides-les-bains.com\\\/ete\\\/et-si-vous-preniez-enfin-soin-de-vous\\\/#breadcrumb\"},\"inLanguage\":\"fr-FR\",\"potentialAction\":[{\"@type\":\"ReadAction\",\"target\":[\"https:\\\/\\\/www.brides-les-bains.com\\\/ete\\\/et-si-vous-preniez-enfin-soin-de-vous\\\/\"]}]},{\"@type\":\"ImageObject\",\"inLanguage\":\"fr-FR\",\"@id\":\"https:\\\/\\\/www.brides-les-bains.com\\\/ete\\\/et-si-vous-preniez-enfin-soin-de-vous\\\/#primaryimage\",\"url\":\"https:\\\/\\\/www.brides-les-bains.com\\\/ete\\\/wp-content\\\/uploads\\\/sites\\\/2\\\/2022\\\/07\\\/BLB_SOIN_BANDEAU_1900x600-min.jpg\",\"contentUrl\":\"https:\\\/\\\/www.brides-les-bains.com\\\/ete\\\/wp-content\\\/uploads\\\/sites\\\/2\\\/2022\\\/07\\\/BLB_SOIN_BANDEAU_1900x600-min.jpg\",\"width\":1900,\"height\":600,\"caption\":\"Et si vous preniez enfin soin de vous ? Brides-les-Bains vous tend les bras, avec Luana Belmondo.\"},{\"@type\":\"BreadcrumbList\",\"@id\":\"https:\\\/\\\/www.brides-les-bains.com\\\/ete\\\/et-si-vous-preniez-enfin-soin-de-vous\\\/#breadcrumb\",\"itemListElement\":[{\"@type\":\"ListItem\",\"position\":1,\"name\":\"Home\",\"item\":\"https:\\\/\\\/www.brides-les-bains.com\\\/ete\\\/\"},{\"@type\":\"ListItem\",\"position\":2,\"name\":\"Et si vous preniez enfin soin de vous ?\"}]},{\"@type\":\"WebSite\",\"@id\":\"https:\\\/\\\/www.brides-les-bains.com\\\/ete\\\/#website\",\"url\":\"https:\\\/\\\/www.brides-les-bains.com\\\/ete\\\/\",\"name\":\"\u00c9t\u00e9 _ Brides Les Bains\",\"description\":\"L&#039;\u00e9t\u00e9 \u00e0 Brides Les Bains\",\"publisher\":{\"@id\":\"https:\\\/\\\/www.brides-les-bains.com\\\/ete\\\/#organization\"},\"potentialAction\":[{\"@type\":\"SearchAction\",\"target\":{\"@type\":\"EntryPoint\",\"urlTemplate\":\"https:\\\/\\\/www.brides-les-bains.com\\\/ete\\\/?s={search_term_string}\"},\"query-input\":{\"@type\":\"PropertyValueSpecification\",\"valueRequired\":true,\"valueName\":\"search_term_string\"}}],\"inLanguage\":\"fr-FR\"},{\"@type\":\"Organization\",\"@id\":\"https:\\\/\\\/www.brides-les-bains.com\\\/ete\\\/#organization\",\"name\":\"Office de Tourisme de Brides-les-Bains\",\"url\":\"https:\\\/\\\/www.brides-les-bains.com\\\/ete\\\/\",\"logo\":{\"@type\":\"ImageObject\",\"inLanguage\":\"fr-FR\",\"@id\":\"https:\\\/\\\/www.brides-les-bains.com\\\/ete\\\/#\\\/schema\\\/logo\\\/image\\\/\",\"url\":\"https:\\\/\\\/www.brides-les-bains.com\\\/ete\\\/wp-content\\\/uploads\\\/sites\\\/2\\\/2017\\\/12\\\/pictos_logo-BLB.svg\",\"contentUrl\":\"https:\\\/\\\/www.brides-les-bains.com\\\/ete\\\/wp-content\\\/uploads\\\/sites\\\/2\\\/2017\\\/12\\\/pictos_logo-BLB.svg\",\"width\":187,\"height\":170,\"caption\":\"Office de Tourisme de Brides-les-Bains\"},\"image\":{\"@id\":\"https:\\\/\\\/www.brides-les-bains.com\\\/ete\\\/#\\\/schema\\\/logo\\\/image\\\/\"}}]}<\/script>\n<!-- \/ Yoast SEO plugin. -->","yoast_head_json":{"title":"S\u00e9jour Bien-\u00catre \u00e0 Brides-les-Bains | Offres exclusives avec Luana Belmondo","description":"Luana Belmondo a choisi Brides-les-Bains pour se ressourcer et elle vous invite \u00e0 en faire autant. Soins thermaux, activit\u00e9s bien-\u00eatre et h\u00e9bergements s\u00e9lectionn\u00e9s : jusqu'\u00e0 20 % de remise avec le code LUANA26.","robots":{"index":"index","follow":"follow","max-snippet":"max-snippet:-1","max-image-preview":"max-image-preview:large","max-video-preview":"max-video-preview:-1"},"canonical":"https:\/\/www.brides-les-bains.com\/ete\/et-si-vous-preniez-enfin-soin-de-vous\/","og_locale":"fr_FR","og_type":"article","og_title":"S\u00e9jour Bien-\u00catre \u00e0 Brides-les-Bains | Offres exclusives avec Luana Belmondo","og_description":"Luana Belmondo a choisi Brides-les-Bains pour se ressourcer et elle vous invite \u00e0 en faire autant. Soins thermaux, activit\u00e9s bien-\u00eatre et h\u00e9bergements s\u00e9lectionn\u00e9s : jusqu'\u00e0 20 % de remise avec le code LUANA26.","og_url":"https:\/\/www.brides-les-bains.com\/ete\/et-si-vous-preniez-enfin-soin-de-vous\/","og_site_name":"\u00c9t\u00e9 _ Brides Les Bains","article_modified_time":"2026-03-16T16:47:08+00:00","og_image":[{"width":1900,"height":600,"url":"https:\/\/www.brides-les-bains.com\/ete\/wp-content\/uploads\/sites\/2\/2022\/07\/BLB_SOIN_BANDEAU_1900x600-min.jpg","type":"image\/jpeg"}],"twitter_card":"summary_large_image","twitter_misc":{"Dur\u00e9e de lecture estim\u00e9e":"1 minute"},"schema":{"@context":"https:\/\/schema.org","@graph":[{"@type":"WebPage","@id":"https:\/\/www.brides-les-bains.com\/ete\/et-si-vous-preniez-enfin-soin-de-vous\/","url":"https:\/\/www.brides-les-bains.com\/ete\/et-si-vous-preniez-enfin-soin-de-vous\/","name":"S\u00e9jour Bien-\u00catre \u00e0 Brides-les-Bains | Offres exclusives avec Luana Belmondo","isPartOf":{"@id":"https:\/\/www.brides-les-bains.com\/ete\/#website"},"primaryImageOfPage":{"@id":"https:\/\/www.brides-les-bains.com\/ete\/et-si-vous-preniez-enfin-soin-de-vous\/#primaryimage"},"image":{"@id":"https:\/\/www.brides-les-bains.com\/ete\/et-si-vous-preniez-enfin-soin-de-vous\/#primaryimage"},"thumbnailUrl":"https:\/\/www.brides-les-bains.com\/ete\/wp-content\/uploads\/sites\/2\/2022\/07\/BLB_SOIN_BANDEAU_1900x600-min.jpg","datePublished":"2026-03-13T09:55:36+00:00","dateModified":"2026-03-16T16:47:08+00:00","description":"Luana Belmondo a choisi Brides-les-Bains pour se ressourcer et elle vous invite \u00e0 en faire autant. Soins thermaux, activit\u00e9s bien-\u00eatre et h\u00e9bergements s\u00e9lectionn\u00e9s : jusqu'\u00e0 20 % de remise avec le code LUANA26.","breadcrumb":{"@id":"https:\/\/www.brides-les-bains.com\/ete\/et-si-vous-preniez-enfin-soin-de-vous\/#breadcrumb"},"inLanguage":"fr-FR","potentialAction":[{"@type":"ReadAction","target":["https:\/\/www.brides-les-bains.com\/ete\/et-si-vous-preniez-enfin-soin-de-vous\/"]}]},{"@type":"ImageObject","inLanguage":"fr-FR","@id":"https:\/\/www.brides-les-bains.com\/ete\/et-si-vous-preniez-enfin-soin-de-vous\/#primaryimage","url":"https:\/\/www.brides-les-bains.com\/ete\/wp-content\/uploads\/sites\/2\/2022\/07\/BLB_SOIN_BANDEAU_1900x600-min.jpg","contentUrl":"https:\/\/www.brides-les-bains.com\/ete\/wp-content\/uploads\/sites\/2\/2022\/07\/BLB_SOIN_BANDEAU_1900x600-min.jpg","width":1900,"height":600,"caption":"Et si vous preniez enfin soin de vous ? Brides-les-Bains vous tend les bras, avec Luana Belmondo."},{"@type":"BreadcrumbList","@id":"https:\/\/www.brides-les-bains.com\/ete\/et-si-vous-preniez-enfin-soin-de-vous\/#breadcrumb","itemListElement":[{"@type":"ListItem","position":1,"name":"Home","item":"https:\/\/www.brides-les-bains.com\/ete\/"},{"@type":"ListItem","position":2,"name":"Et si vous preniez enfin soin de vous ?"}]},{"@type":"WebSite","@id":"https:\/\/www.brides-les-bains.com\/ete\/#website","url":"https:\/\/www.brides-les-bains.com\/ete\/","name":"\u00c9t\u00e9 _ Brides Les Bains","description":"L&#039;\u00e9t\u00e9 \u00e0 Brides Les Bains","publisher":{"@id":"https:\/\/www.brides-les-bains.com\/ete\/#organization"},"potentialAction":[{"@type":"SearchAction","target":{"@type":"EntryPoint","urlTemplate":"https:\/\/www.brides-les-bains.com\/ete\/?s={search_term_string}"},"query-input":{"@type":"PropertyValueSpecification","valueRequired":true,"valueName":"search_term_string"}}],"inLanguage":"fr-FR"},{"@type":"Organization","@id":"https:\/\/www.brides-les-bains.com\/ete\/#organization","name":"Office de Tourisme de Brides-les-Bains","url":"https:\/\/www.brides-les-bains.com\/ete\/","logo":{"@type":"ImageObject","inLanguage":"fr-FR","@id":"https:\/\/www.brides-les-bains.com\/ete\/#\/schema\/logo\/image\/","url":"https:\/\/www.brides-les-bains.com\/ete\/wp-content\/uploads\/sites\/2\/2017\/12\/pictos_logo-BLB.svg","contentUrl":"https:\/\/www.brides-les-bains.com\/ete\/wp-content\/uploads\/sites\/2\/2017\/12\/pictos_logo-BLB.svg","width":187,"height":170,"caption":"Office de Tourisme de Brides-les-Bains"},"image":{"@id":"https:\/\/www.brides-les-bains.com\/ete\/#\/schema\/logo\/image\/"}}]}},"_links":{"self":[{"href":"https:\/\/www.brides-les-bains.com\/ete\/wp-json\/wp\/v2\/pages\/14323","targetHints":{"allow":["GET"]}}],"collection":[{"href":"https:\/\/www.brides-les-bains.com\/ete\/wp-json\/wp\/v2\/pages"}],"about":[{"href":"https:\/\/www.brides-les-bains.com\/ete\/wp-json\/wp\/v2\/types\/page"}],"author":[{"embeddable":true,"href":"https:\/\/www.brides-les-bains.com\/ete\/wp-json\/wp\/v2\/users\/2"}],"replies":[{"embeddable":true,"href":"https:\/\/www.brides-les-bains.com\/ete\/wp-json\/wp\/v2\/comments?post=14323"}],"version-history":[{"count":0,"href":"https:\/\/www.brides-les-bains.com\/ete\/wp-json\/wp\/v2\/pages\/14323\/revisions"}],"wp:featuredmedia":[{"embeddable":true,"href":"https:\/\/www.brides-les-bains.com\/ete\/wp-json\/wp\/v2\/media\/12210"}],"wp:attachment":[{"href":"https:\/\/www.brides-les-bains.com\/ete\/wp-json\/wp\/v2\/media?parent=14323"}],"curies":[{"name":"wp","href":"https:\/\/api.w.org\/{rel}","templated":true}]}}