{"id":4699,"date":"2019-03-14T16:18:30","date_gmt":"2019-03-14T15:18:30","guid":{"rendered":"https:\/\/www.brides-les-bains.com\/ete\/?page_id=4699"},"modified":"2026-03-19T09:27:09","modified_gmt":"2026-03-19T08:27:09","slug":"sejours-bien-etre","status":"publish","type":"page","link":"https:\/\/www.brides-les-bains.com\/ete\/spa-bien-etre\/sejours-bien-etre\/","title":{"rendered":"S\u00e9jours Bien-\u00eatre"},"content":{"rendered":"\r\n<p>&nbsp;<\/p>\r\n\r\n<p><img decoding=\"async\" id=\"socialpilot-extension-hover-button\" style=\"cursor: pointer; display: none;\" src=\"moz-extension:\/\/8ffa413a-a187-4362-b23e-2ccf52ee47b3\/icons\/share_image.png\" \/><\/p>","protected":false},"excerpt":{"rendered":"<p>&nbsp;<\/p>\n","protected":false},"author":2,"featured_media":4347,"parent":4068,"menu_order":0,"comment_status":"closed","ping_status":"closed","template":"","meta":{"_acf_changed":false,"inline_featured_image":false,"footnotes":""},"class_list":["post-4699","page","type-page","status-publish","has-post-thumbnail","hentry"],"acf":[],"yoast_head":"<!-- This site is optimized with the Yoast SEO plugin v27.3 - https:\/\/yoast.com\/product\/yoast-seo-wordpress\/ -->\n<title>S\u00e9jours bien-\u00eatre en montagne dans les Alpes - Brides-les-Bains<\/title>\n<meta name=\"description\" content=\"Envie d&#039;une thalasso \u00e0 la montagne ? La station thermale de Brides-les-Bains en Savoie vous propose des s\u00e9jours minceur et mieux-\u00eatre dans ses spas.\" \/>\n<meta name=\"robots\" content=\"index, follow, max-snippet:-1, max-image-preview:large, max-video-preview:-1\" \/>\n<link rel=\"canonical\" href=\"https:\/\/www.brides-les-bains.com\/ete\/spa-bien-etre\/sejours-bien-etre\/\" \/>\n<meta property=\"og:locale\" content=\"fr_FR\" \/>\n<meta property=\"og:type\" content=\"article\" \/>\n<meta property=\"og:title\" content=\"S\u00e9jours bien-\u00eatre en montagne dans les Alpes - Brides-les-Bains\" \/>\n<meta property=\"og:description\" content=\"Envie d&#039;une thalasso \u00e0 la montagne ? La station thermale de Brides-les-Bains en Savoie vous propose des s\u00e9jours minceur et mieux-\u00eatre dans ses spas.\" \/>\n<meta property=\"og:url\" content=\"https:\/\/www.brides-les-bains.com\/ete\/spa-bien-etre\/sejours-bien-etre\/\" \/>\n<meta property=\"og:site_name\" content=\"\u00c9t\u00e9 _ Brides Les Bains\" \/>\n<meta property=\"article:modified_time\" content=\"2026-03-19T08:27:09+00:00\" \/>\n<meta property=\"og:image\" content=\"https:\/\/www.brides-les-bains.com\/ete\/wp-content\/uploads\/sites\/2\/2019\/02\/sejour-bien-etre-1900-600.jpg\" \/>\n\t<meta property=\"og:image:width\" content=\"1920\" \/>\n\t<meta property=\"og:image:height\" content=\"600\" \/>\n\t<meta property=\"og:image:type\" content=\"image\/jpeg\" \/>\n<meta name=\"twitter:card\" content=\"summary_large_image\" \/>\n<meta name=\"twitter:label1\" content=\"Dur\u00e9e de lecture estim\u00e9e\" \/>\n\t<meta name=\"twitter:data1\" content=\"1 minute\" \/>\n<script type=\"application\/ld+json\" class=\"yoast-schema-graph\">{\"@context\":\"https:\\\/\\\/schema.org\",\"@graph\":[{\"@type\":\"WebPage\",\"@id\":\"https:\\\/\\\/www.brides-les-bains.com\\\/ete\\\/spa-bien-etre\\\/sejours-bien-etre\\\/\",\"url\":\"https:\\\/\\\/www.brides-les-bains.com\\\/ete\\\/spa-bien-etre\\\/sejours-bien-etre\\\/\",\"name\":\"S\u00e9jours bien-\u00eatre en montagne dans les Alpes - Brides-les-Bains\",\"isPartOf\":{\"@id\":\"https:\\\/\\\/www.brides-les-bains.com\\\/ete\\\/#website\"},\"primaryImageOfPage\":{\"@id\":\"https:\\\/\\\/www.brides-les-bains.com\\\/ete\\\/spa-bien-etre\\\/sejours-bien-etre\\\/#primaryimage\"},\"image\":{\"@id\":\"https:\\\/\\\/www.brides-les-bains.com\\\/ete\\\/spa-bien-etre\\\/sejours-bien-etre\\\/#primaryimage\"},\"thumbnailUrl\":\"https:\\\/\\\/www.brides-les-bains.com\\\/ete\\\/wp-content\\\/uploads\\\/sites\\\/2\\\/2019\\\/02\\\/sejour-bien-etre-1900-600.jpg\",\"datePublished\":\"2019-03-14T15:18:30+00:00\",\"dateModified\":\"2026-03-19T08:27:09+00:00\",\"description\":\"Envie d'une thalasso \u00e0 la montagne ? La station thermale de Brides-les-Bains en Savoie vous propose des s\u00e9jours minceur et mieux-\u00eatre dans ses spas.\",\"breadcrumb\":{\"@id\":\"https:\\\/\\\/www.brides-les-bains.com\\\/ete\\\/spa-bien-etre\\\/sejours-bien-etre\\\/#breadcrumb\"},\"inLanguage\":\"fr-FR\",\"potentialAction\":[{\"@type\":\"ReadAction\",\"target\":[\"https:\\\/\\\/www.brides-les-bains.com\\\/ete\\\/spa-bien-etre\\\/sejours-bien-etre\\\/\"]}]},{\"@type\":\"ImageObject\",\"inLanguage\":\"fr-FR\",\"@id\":\"https:\\\/\\\/www.brides-les-bains.com\\\/ete\\\/spa-bien-etre\\\/sejours-bien-etre\\\/#primaryimage\",\"url\":\"https:\\\/\\\/www.brides-les-bains.com\\\/ete\\\/wp-content\\\/uploads\\\/sites\\\/2\\\/2019\\\/02\\\/sejour-bien-etre-1900-600.jpg\",\"contentUrl\":\"https:\\\/\\\/www.brides-les-bains.com\\\/ete\\\/wp-content\\\/uploads\\\/sites\\\/2\\\/2019\\\/02\\\/sejour-bien-etre-1900-600.jpg\",\"width\":1920,\"height\":600},{\"@type\":\"BreadcrumbList\",\"@id\":\"https:\\\/\\\/www.brides-les-bains.com\\\/ete\\\/spa-bien-etre\\\/sejours-bien-etre\\\/#breadcrumb\",\"itemListElement\":[{\"@type\":\"ListItem\",\"position\":1,\"name\":\"Home\",\"item\":\"https:\\\/\\\/www.brides-les-bains.com\\\/ete\\\/\"},{\"@type\":\"ListItem\",\"position\":2,\"name\":\"Spa &#038; Bien- \u00catre \u00e0 Brides\",\"item\":\"https:\\\/\\\/www.brides-les-bains.com\\\/ete\\\/spa-bien-etre\\\/\"},{\"@type\":\"ListItem\",\"position\":3,\"name\":\"S\u00e9jours Bien-\u00eatre\"}]},{\"@type\":\"WebSite\",\"@id\":\"https:\\\/\\\/www.brides-les-bains.com\\\/ete\\\/#website\",\"url\":\"https:\\\/\\\/www.brides-les-bains.com\\\/ete\\\/\",\"name\":\"\u00c9t\u00e9 _ Brides Les Bains\",\"description\":\"L&#039;\u00e9t\u00e9 \u00e0 Brides Les Bains\",\"publisher\":{\"@id\":\"https:\\\/\\\/www.brides-les-bains.com\\\/ete\\\/#organization\"},\"potentialAction\":[{\"@type\":\"SearchAction\",\"target\":{\"@type\":\"EntryPoint\",\"urlTemplate\":\"https:\\\/\\\/www.brides-les-bains.com\\\/ete\\\/?s={search_term_string}\"},\"query-input\":{\"@type\":\"PropertyValueSpecification\",\"valueRequired\":true,\"valueName\":\"search_term_string\"}}],\"inLanguage\":\"fr-FR\"},{\"@type\":\"Organization\",\"@id\":\"https:\\\/\\\/www.brides-les-bains.com\\\/ete\\\/#organization\",\"name\":\"Office de Tourisme de Brides-les-Bains\",\"url\":\"https:\\\/\\\/www.brides-les-bains.com\\\/ete\\\/\",\"logo\":{\"@type\":\"ImageObject\",\"inLanguage\":\"fr-FR\",\"@id\":\"https:\\\/\\\/www.brides-les-bains.com\\\/ete\\\/#\\\/schema\\\/logo\\\/image\\\/\",\"url\":\"https:\\\/\\\/www.brides-les-bains.com\\\/ete\\\/wp-content\\\/uploads\\\/sites\\\/2\\\/2017\\\/12\\\/pictos_logo-BLB.svg\",\"contentUrl\":\"https:\\\/\\\/www.brides-les-bains.com\\\/ete\\\/wp-content\\\/uploads\\\/sites\\\/2\\\/2017\\\/12\\\/pictos_logo-BLB.svg\",\"width\":187,\"height\":170,\"caption\":\"Office de Tourisme de Brides-les-Bains\"},\"image\":{\"@id\":\"https:\\\/\\\/www.brides-les-bains.com\\\/ete\\\/#\\\/schema\\\/logo\\\/image\\\/\"}}]}<\/script>\n<!-- \/ Yoast SEO plugin. -->","yoast_head_json":{"title":"S\u00e9jours bien-\u00eatre en montagne dans les Alpes - Brides-les-Bains","description":"Envie d'une thalasso \u00e0 la montagne ? La station thermale de Brides-les-Bains en Savoie vous propose des s\u00e9jours minceur et mieux-\u00eatre dans ses spas.","robots":{"index":"index","follow":"follow","max-snippet":"max-snippet:-1","max-image-preview":"max-image-preview:large","max-video-preview":"max-video-preview:-1"},"canonical":"https:\/\/www.brides-les-bains.com\/ete\/spa-bien-etre\/sejours-bien-etre\/","og_locale":"fr_FR","og_type":"article","og_title":"S\u00e9jours bien-\u00eatre en montagne dans les Alpes - Brides-les-Bains","og_description":"Envie d'une thalasso \u00e0 la montagne ? La station thermale de Brides-les-Bains en Savoie vous propose des s\u00e9jours minceur et mieux-\u00eatre dans ses spas.","og_url":"https:\/\/www.brides-les-bains.com\/ete\/spa-bien-etre\/sejours-bien-etre\/","og_site_name":"\u00c9t\u00e9 _ Brides Les Bains","article_modified_time":"2026-03-19T08:27:09+00:00","og_image":[{"width":1920,"height":600,"url":"https:\/\/www.brides-les-bains.com\/ete\/wp-content\/uploads\/sites\/2\/2019\/02\/sejour-bien-etre-1900-600.jpg","type":"image\/jpeg"}],"twitter_card":"summary_large_image","twitter_misc":{"Dur\u00e9e de lecture estim\u00e9e":"1 minute"},"schema":{"@context":"https:\/\/schema.org","@graph":[{"@type":"WebPage","@id":"https:\/\/www.brides-les-bains.com\/ete\/spa-bien-etre\/sejours-bien-etre\/","url":"https:\/\/www.brides-les-bains.com\/ete\/spa-bien-etre\/sejours-bien-etre\/","name":"S\u00e9jours bien-\u00eatre en montagne dans les Alpes - Brides-les-Bains","isPartOf":{"@id":"https:\/\/www.brides-les-bains.com\/ete\/#website"},"primaryImageOfPage":{"@id":"https:\/\/www.brides-les-bains.com\/ete\/spa-bien-etre\/sejours-bien-etre\/#primaryimage"},"image":{"@id":"https:\/\/www.brides-les-bains.com\/ete\/spa-bien-etre\/sejours-bien-etre\/#primaryimage"},"thumbnailUrl":"https:\/\/www.brides-les-bains.com\/ete\/wp-content\/uploads\/sites\/2\/2019\/02\/sejour-bien-etre-1900-600.jpg","datePublished":"2019-03-14T15:18:30+00:00","dateModified":"2026-03-19T08:27:09+00:00","description":"Envie d'une thalasso \u00e0 la montagne ? La station thermale de Brides-les-Bains en Savoie vous propose des s\u00e9jours minceur et mieux-\u00eatre dans ses spas.","breadcrumb":{"@id":"https:\/\/www.brides-les-bains.com\/ete\/spa-bien-etre\/sejours-bien-etre\/#breadcrumb"},"inLanguage":"fr-FR","potentialAction":[{"@type":"ReadAction","target":["https:\/\/www.brides-les-bains.com\/ete\/spa-bien-etre\/sejours-bien-etre\/"]}]},{"@type":"ImageObject","inLanguage":"fr-FR","@id":"https:\/\/www.brides-les-bains.com\/ete\/spa-bien-etre\/sejours-bien-etre\/#primaryimage","url":"https:\/\/www.brides-les-bains.com\/ete\/wp-content\/uploads\/sites\/2\/2019\/02\/sejour-bien-etre-1900-600.jpg","contentUrl":"https:\/\/www.brides-les-bains.com\/ete\/wp-content\/uploads\/sites\/2\/2019\/02\/sejour-bien-etre-1900-600.jpg","width":1920,"height":600},{"@type":"BreadcrumbList","@id":"https:\/\/www.brides-les-bains.com\/ete\/spa-bien-etre\/sejours-bien-etre\/#breadcrumb","itemListElement":[{"@type":"ListItem","position":1,"name":"Home","item":"https:\/\/www.brides-les-bains.com\/ete\/"},{"@type":"ListItem","position":2,"name":"Spa &#038; Bien- \u00catre \u00e0 Brides","item":"https:\/\/www.brides-les-bains.com\/ete\/spa-bien-etre\/"},{"@type":"ListItem","position":3,"name":"S\u00e9jours Bien-\u00eatre"}]},{"@type":"WebSite","@id":"https:\/\/www.brides-les-bains.com\/ete\/#website","url":"https:\/\/www.brides-les-bains.com\/ete\/","name":"\u00c9t\u00e9 _ Brides Les Bains","description":"L&#039;\u00e9t\u00e9 \u00e0 Brides Les Bains","publisher":{"@id":"https:\/\/www.brides-les-bains.com\/ete\/#organization"},"potentialAction":[{"@type":"SearchAction","target":{"@type":"EntryPoint","urlTemplate":"https:\/\/www.brides-les-bains.com\/ete\/?s={search_term_string}"},"query-input":{"@type":"PropertyValueSpecification","valueRequired":true,"valueName":"search_term_string"}}],"inLanguage":"fr-FR"},{"@type":"Organization","@id":"https:\/\/www.brides-les-bains.com\/ete\/#organization","name":"Office de Tourisme de Brides-les-Bains","url":"https:\/\/www.brides-les-bains.com\/ete\/","logo":{"@type":"ImageObject","inLanguage":"fr-FR","@id":"https:\/\/www.brides-les-bains.com\/ete\/#\/schema\/logo\/image\/","url":"https:\/\/www.brides-les-bains.com\/ete\/wp-content\/uploads\/sites\/2\/2017\/12\/pictos_logo-BLB.svg","contentUrl":"https:\/\/www.brides-les-bains.com\/ete\/wp-content\/uploads\/sites\/2\/2017\/12\/pictos_logo-BLB.svg","width":187,"height":170,"caption":"Office de Tourisme de Brides-les-Bains"},"image":{"@id":"https:\/\/www.brides-les-bains.com\/ete\/#\/schema\/logo\/image\/"}}]}},"_links":{"self":[{"href":"https:\/\/www.brides-les-bains.com\/ete\/wp-json\/wp\/v2\/pages\/4699","targetHints":{"allow":["GET"]}}],"collection":[{"href":"https:\/\/www.brides-les-bains.com\/ete\/wp-json\/wp\/v2\/pages"}],"about":[{"href":"https:\/\/www.brides-les-bains.com\/ete\/wp-json\/wp\/v2\/types\/page"}],"author":[{"embeddable":true,"href":"https:\/\/www.brides-les-bains.com\/ete\/wp-json\/wp\/v2\/users\/2"}],"replies":[{"embeddable":true,"href":"https:\/\/www.brides-les-bains.com\/ete\/wp-json\/wp\/v2\/comments?post=4699"}],"version-history":[{"count":0,"href":"https:\/\/www.brides-les-bains.com\/ete\/wp-json\/wp\/v2\/pages\/4699\/revisions"}],"up":[{"embeddable":true,"href":"https:\/\/www.brides-les-bains.com\/ete\/wp-json\/wp\/v2\/pages\/4068"}],"wp:featuredmedia":[{"embeddable":true,"href":"https:\/\/www.brides-les-bains.com\/ete\/wp-json\/wp\/v2\/media\/4347"}],"wp:attachment":[{"href":"https:\/\/www.brides-les-bains.com\/ete\/wp-json\/wp\/v2\/media?parent=4699"}],"curies":[{"name":"wp","href":"https:\/\/api.w.org\/{rel}","templated":true}]}}