{"id":9230,"date":"2020-07-02T15:31:07","date_gmt":"2020-07-02T13:31:07","guid":{"rendered":"https:\/\/www.brides-les-bains.com\/ete\/?page_id=9230"},"modified":"2021-06-08T11:52:33","modified_gmt":"2021-06-08T09:52:33","slug":"le-col-de-la-loze-by-brides-les-bains","status":"publish","type":"page","link":"https:\/\/www.brides-les-bains.com\/ete\/activites-sportives\/le-col-de-la-loze-by-brides-les-bains\/","title":{"rendered":"Le Col de la Loze By Brides-les-Bains"},"content":{"rendered":"<p>&nbsp;<\/p>\n<p><img decoding=\"async\" id=\"socialpilot-extension-hover-button\" style=\"cursor: pointer; display: none;\" src=\"moz-extension:\/\/8ffa413a-a187-4362-b23e-2ccf52ee47b3\/icons\/share_image.png\" \/><\/p>\n<p><img decoding=\"async\" id=\"socialpilot-extension-hover-button\" style=\"cursor: pointer; display: none;\" src=\"moz-extension:\/\/8ffa413a-a187-4362-b23e-2ccf52ee47b3\/icons\/share_image.png\" \/><\/p>\n<p><img decoding=\"async\" id=\"socialpilot-extension-hover-button\" style=\"cursor: pointer; display: none;\" src=\"moz-extension:\/\/8ffa413a-a187-4362-b23e-2ccf52ee47b3\/icons\/share_image.png\" \/><\/p>\n<p><img decoding=\"async\" id=\"socialpilot-extension-hover-button\" style=\"cursor: pointer; display: none;\" src=\"moz-extension:\/\/8ffa413a-a187-4362-b23e-2ccf52ee47b3\/icons\/share_image.png\" \/><\/p>\n<p><img decoding=\"async\" id=\"socialpilot-extension-hover-button\" style=\"cursor: pointer; display: none;\" src=\"moz-extension:\/\/8ffa413a-a187-4362-b23e-2ccf52ee47b3\/icons\/share_image.png\" \/><\/p>\n<p><img decoding=\"async\" id=\"socialpilot-extension-hover-button\" style=\"cursor: pointer; display: none;\" src=\"moz-extension:\/\/8ffa413a-a187-4362-b23e-2ccf52ee47b3\/icons\/share_image.png\" \/><\/p>\n","protected":false},"excerpt":{"rendered":"<p>&nbsp;<\/p>\n","protected":false},"author":2,"featured_media":9231,"parent":10889,"menu_order":0,"comment_status":"closed","ping_status":"closed","template":"","meta":{"_acf_changed":false,"inline_featured_image":false,"footnotes":""},"class_list":["post-9230","page","type-page","status-publish","has-post-thumbnail","hentry"],"acf":[],"yoast_head":"<!-- This site is optimized with the Yoast SEO plugin v27.3 - https:\/\/yoast.com\/product\/yoast-seo-wordpress\/ -->\n<title>COL DE LA LOZE BY BRIDES-LES-BAINS | \u00c9V\u00c9NEMENT CYCLO<\/title>\n<meta name=\"description\" content=\"Se mesurer au nouveau g\u00e9ant des Alpes, voil\u00e0 le d\u00e9fi \u00e0 relever avec lapremi\u00e8re \u00e9dition de l\u2019\u00e9preuve cyclosportive Col de la Loze by Bridesles-Bains le dimanche 13 septembre 2020 ! Imaginez 1715 m de d\u00e9nivel\u00e9 rien que pour escalader le Col de la Loze depuis Brides-les-Bains et 3800 m pour celles et ceux qui s\u2019attaqueront au parcours de 100 km.\" \/>\n<meta name=\"robots\" content=\"noindex, nofollow\" \/>\n<meta property=\"og:locale\" content=\"fr_FR\" \/>\n<meta property=\"og:type\" content=\"article\" \/>\n<meta property=\"og:title\" content=\"COL DE LA LOZE BY BRIDES-LES-BAINS | \u00c9V\u00c9NEMENT CYCLO\" \/>\n<meta property=\"og:description\" content=\"Se mesurer au nouveau g\u00e9ant des Alpes, voil\u00e0 le d\u00e9fi \u00e0 relever avec lapremi\u00e8re \u00e9dition de l\u2019\u00e9preuve cyclosportive Col de la Loze by Bridesles-Bains le dimanche 13 septembre 2020 ! Imaginez 1715 m de d\u00e9nivel\u00e9 rien que pour escalader le Col de la Loze depuis Brides-les-Bains et 3800 m pour celles et ceux qui s\u2019attaqueront au parcours de 100 km.\" \/>\n<meta property=\"og:url\" content=\"https:\/\/www.brides-les-bains.com\/ete\/activites-sportives\/le-col-de-la-loze-by-brides-les-bains\/\" \/>\n<meta property=\"og:site_name\" content=\"\u00c9t\u00e9 _ Brides Les Bains\" \/>\n<meta property=\"article:modified_time\" content=\"2021-06-08T09:52:33+00:00\" \/>\n<meta property=\"og:image\" content=\"https:\/\/www.brides-les-bains.com\/ete\/wp-content\/uploads\/sites\/2\/2020\/07\/BLB-COL-LA-LOZE_1900x600.jpg\" \/>\n\t<meta property=\"og:image:width\" content=\"1900\" \/>\n\t<meta property=\"og:image:height\" content=\"600\" \/>\n\t<meta property=\"og:image:type\" content=\"image\/jpeg\" \/>\n<meta name=\"twitter:card\" content=\"summary_large_image\" \/>\n<script type=\"application\/ld+json\" class=\"yoast-schema-graph\">{\"@context\":\"https:\\\/\\\/schema.org\",\"@graph\":[{\"@type\":\"WebPage\",\"@id\":\"https:\\\/\\\/www.brides-les-bains.com\\\/ete\\\/activites-sportives\\\/le-col-de-la-loze-by-brides-les-bains\\\/\",\"url\":\"https:\\\/\\\/www.brides-les-bains.com\\\/ete\\\/activites-sportives\\\/le-col-de-la-loze-by-brides-les-bains\\\/\",\"name\":\"COL DE LA LOZE BY BRIDES-LES-BAINS | \u00c9V\u00c9NEMENT CYCLO\",\"isPartOf\":{\"@id\":\"https:\\\/\\\/www.brides-les-bains.com\\\/ete\\\/#website\"},\"primaryImageOfPage\":{\"@id\":\"https:\\\/\\\/www.brides-les-bains.com\\\/ete\\\/activites-sportives\\\/le-col-de-la-loze-by-brides-les-bains\\\/#primaryimage\"},\"image\":{\"@id\":\"https:\\\/\\\/www.brides-les-bains.com\\\/ete\\\/activites-sportives\\\/le-col-de-la-loze-by-brides-les-bains\\\/#primaryimage\"},\"thumbnailUrl\":\"https:\\\/\\\/www.brides-les-bains.com\\\/ete\\\/wp-content\\\/uploads\\\/sites\\\/2\\\/2020\\\/07\\\/BLB-COL-LA-LOZE_1900x600.jpg\",\"datePublished\":\"2020-07-02T13:31:07+00:00\",\"dateModified\":\"2021-06-08T09:52:33+00:00\",\"description\":\"Se mesurer au nouveau g\u00e9ant des Alpes, voil\u00e0 le d\u00e9fi \u00e0 relever avec lapremi\u00e8re \u00e9dition de l\u2019\u00e9preuve cyclosportive Col de la Loze by Bridesles-Bains le dimanche 13 septembre 2020 ! Imaginez 1715 m de d\u00e9nivel\u00e9 rien que pour escalader le Col de la Loze depuis Brides-les-Bains et 3800 m pour celles et ceux qui s\u2019attaqueront au parcours de 100 km.\",\"breadcrumb\":{\"@id\":\"https:\\\/\\\/www.brides-les-bains.com\\\/ete\\\/activites-sportives\\\/le-col-de-la-loze-by-brides-les-bains\\\/#breadcrumb\"},\"inLanguage\":\"fr-FR\",\"potentialAction\":[{\"@type\":\"ReadAction\",\"target\":[\"https:\\\/\\\/www.brides-les-bains.com\\\/ete\\\/activites-sportives\\\/le-col-de-la-loze-by-brides-les-bains\\\/\"]}]},{\"@type\":\"ImageObject\",\"inLanguage\":\"fr-FR\",\"@id\":\"https:\\\/\\\/www.brides-les-bains.com\\\/ete\\\/activites-sportives\\\/le-col-de-la-loze-by-brides-les-bains\\\/#primaryimage\",\"url\":\"https:\\\/\\\/www.brides-les-bains.com\\\/ete\\\/wp-content\\\/uploads\\\/sites\\\/2\\\/2020\\\/07\\\/BLB-COL-LA-LOZE_1900x600.jpg\",\"contentUrl\":\"https:\\\/\\\/www.brides-les-bains.com\\\/ete\\\/wp-content\\\/uploads\\\/sites\\\/2\\\/2020\\\/07\\\/BLB-COL-LA-LOZE_1900x600.jpg\",\"width\":1900,\"height\":600},{\"@type\":\"BreadcrumbList\",\"@id\":\"https:\\\/\\\/www.brides-les-bains.com\\\/ete\\\/activites-sportives\\\/le-col-de-la-loze-by-brides-les-bains\\\/#breadcrumb\",\"itemListElement\":[{\"@type\":\"ListItem\",\"position\":1,\"name\":\"Home\",\"item\":\"https:\\\/\\\/www.brides-les-bains.com\\\/ete\\\/\"},{\"@type\":\"ListItem\",\"position\":2,\"name\":\"Activit\u00e9s sportives\",\"item\":\"https:\\\/\\\/www.brides-les-bains.com\\\/ete\\\/activites-sportives\\\/\"},{\"@type\":\"ListItem\",\"position\":3,\"name\":\"Le Col de la Loze By Brides-les-Bains\"}]},{\"@type\":\"WebSite\",\"@id\":\"https:\\\/\\\/www.brides-les-bains.com\\\/ete\\\/#website\",\"url\":\"https:\\\/\\\/www.brides-les-bains.com\\\/ete\\\/\",\"name\":\"\u00c9t\u00e9 _ Brides Les Bains\",\"description\":\"L&#039;\u00e9t\u00e9 \u00e0 Brides Les Bains\",\"publisher\":{\"@id\":\"https:\\\/\\\/www.brides-les-bains.com\\\/ete\\\/#organization\"},\"potentialAction\":[{\"@type\":\"SearchAction\",\"target\":{\"@type\":\"EntryPoint\",\"urlTemplate\":\"https:\\\/\\\/www.brides-les-bains.com\\\/ete\\\/?s={search_term_string}\"},\"query-input\":{\"@type\":\"PropertyValueSpecification\",\"valueRequired\":true,\"valueName\":\"search_term_string\"}}],\"inLanguage\":\"fr-FR\"},{\"@type\":\"Organization\",\"@id\":\"https:\\\/\\\/www.brides-les-bains.com\\\/ete\\\/#organization\",\"name\":\"Office de Tourisme de Brides-les-Bains\",\"url\":\"https:\\\/\\\/www.brides-les-bains.com\\\/ete\\\/\",\"logo\":{\"@type\":\"ImageObject\",\"inLanguage\":\"fr-FR\",\"@id\":\"https:\\\/\\\/www.brides-les-bains.com\\\/ete\\\/#\\\/schema\\\/logo\\\/image\\\/\",\"url\":\"https:\\\/\\\/www.brides-les-bains.com\\\/ete\\\/wp-content\\\/uploads\\\/sites\\\/2\\\/2017\\\/12\\\/pictos_logo-BLB.svg\",\"contentUrl\":\"https:\\\/\\\/www.brides-les-bains.com\\\/ete\\\/wp-content\\\/uploads\\\/sites\\\/2\\\/2017\\\/12\\\/pictos_logo-BLB.svg\",\"width\":187,\"height\":170,\"caption\":\"Office de Tourisme de Brides-les-Bains\"},\"image\":{\"@id\":\"https:\\\/\\\/www.brides-les-bains.com\\\/ete\\\/#\\\/schema\\\/logo\\\/image\\\/\"}}]}<\/script>\n<!-- \/ Yoast SEO plugin. -->","yoast_head_json":{"title":"COL DE LA LOZE BY BRIDES-LES-BAINS | \u00c9V\u00c9NEMENT CYCLO","description":"Se mesurer au nouveau g\u00e9ant des Alpes, voil\u00e0 le d\u00e9fi \u00e0 relever avec lapremi\u00e8re \u00e9dition de l\u2019\u00e9preuve cyclosportive Col de la Loze by Bridesles-Bains le dimanche 13 septembre 2020 ! Imaginez 1715 m de d\u00e9nivel\u00e9 rien que pour escalader le Col de la Loze depuis Brides-les-Bains et 3800 m pour celles et ceux qui s\u2019attaqueront au parcours de 100 km.","robots":{"index":"noindex","follow":"nofollow"},"og_locale":"fr_FR","og_type":"article","og_title":"COL DE LA LOZE BY BRIDES-LES-BAINS | \u00c9V\u00c9NEMENT CYCLO","og_description":"Se mesurer au nouveau g\u00e9ant des Alpes, voil\u00e0 le d\u00e9fi \u00e0 relever avec lapremi\u00e8re \u00e9dition de l\u2019\u00e9preuve cyclosportive Col de la Loze by Bridesles-Bains le dimanche 13 septembre 2020 ! Imaginez 1715 m de d\u00e9nivel\u00e9 rien que pour escalader le Col de la Loze depuis Brides-les-Bains et 3800 m pour celles et ceux qui s\u2019attaqueront au parcours de 100 km.","og_url":"https:\/\/www.brides-les-bains.com\/ete\/activites-sportives\/le-col-de-la-loze-by-brides-les-bains\/","og_site_name":"\u00c9t\u00e9 _ Brides Les Bains","article_modified_time":"2021-06-08T09:52:33+00:00","og_image":[{"width":1900,"height":600,"url":"https:\/\/www.brides-les-bains.com\/ete\/wp-content\/uploads\/sites\/2\/2020\/07\/BLB-COL-LA-LOZE_1900x600.jpg","type":"image\/jpeg"}],"twitter_card":"summary_large_image","schema":{"@context":"https:\/\/schema.org","@graph":[{"@type":"WebPage","@id":"https:\/\/www.brides-les-bains.com\/ete\/activites-sportives\/le-col-de-la-loze-by-brides-les-bains\/","url":"https:\/\/www.brides-les-bains.com\/ete\/activites-sportives\/le-col-de-la-loze-by-brides-les-bains\/","name":"COL DE LA LOZE BY BRIDES-LES-BAINS | \u00c9V\u00c9NEMENT CYCLO","isPartOf":{"@id":"https:\/\/www.brides-les-bains.com\/ete\/#website"},"primaryImageOfPage":{"@id":"https:\/\/www.brides-les-bains.com\/ete\/activites-sportives\/le-col-de-la-loze-by-brides-les-bains\/#primaryimage"},"image":{"@id":"https:\/\/www.brides-les-bains.com\/ete\/activites-sportives\/le-col-de-la-loze-by-brides-les-bains\/#primaryimage"},"thumbnailUrl":"https:\/\/www.brides-les-bains.com\/ete\/wp-content\/uploads\/sites\/2\/2020\/07\/BLB-COL-LA-LOZE_1900x600.jpg","datePublished":"2020-07-02T13:31:07+00:00","dateModified":"2021-06-08T09:52:33+00:00","description":"Se mesurer au nouveau g\u00e9ant des Alpes, voil\u00e0 le d\u00e9fi \u00e0 relever avec lapremi\u00e8re \u00e9dition de l\u2019\u00e9preuve cyclosportive Col de la Loze by Bridesles-Bains le dimanche 13 septembre 2020 ! Imaginez 1715 m de d\u00e9nivel\u00e9 rien que pour escalader le Col de la Loze depuis Brides-les-Bains et 3800 m pour celles et ceux qui s\u2019attaqueront au parcours de 100 km.","breadcrumb":{"@id":"https:\/\/www.brides-les-bains.com\/ete\/activites-sportives\/le-col-de-la-loze-by-brides-les-bains\/#breadcrumb"},"inLanguage":"fr-FR","potentialAction":[{"@type":"ReadAction","target":["https:\/\/www.brides-les-bains.com\/ete\/activites-sportives\/le-col-de-la-loze-by-brides-les-bains\/"]}]},{"@type":"ImageObject","inLanguage":"fr-FR","@id":"https:\/\/www.brides-les-bains.com\/ete\/activites-sportives\/le-col-de-la-loze-by-brides-les-bains\/#primaryimage","url":"https:\/\/www.brides-les-bains.com\/ete\/wp-content\/uploads\/sites\/2\/2020\/07\/BLB-COL-LA-LOZE_1900x600.jpg","contentUrl":"https:\/\/www.brides-les-bains.com\/ete\/wp-content\/uploads\/sites\/2\/2020\/07\/BLB-COL-LA-LOZE_1900x600.jpg","width":1900,"height":600},{"@type":"BreadcrumbList","@id":"https:\/\/www.brides-les-bains.com\/ete\/activites-sportives\/le-col-de-la-loze-by-brides-les-bains\/#breadcrumb","itemListElement":[{"@type":"ListItem","position":1,"name":"Home","item":"https:\/\/www.brides-les-bains.com\/ete\/"},{"@type":"ListItem","position":2,"name":"Activit\u00e9s sportives","item":"https:\/\/www.brides-les-bains.com\/ete\/activites-sportives\/"},{"@type":"ListItem","position":3,"name":"Le Col de la Loze By Brides-les-Bains"}]},{"@type":"WebSite","@id":"https:\/\/www.brides-les-bains.com\/ete\/#website","url":"https:\/\/www.brides-les-bains.com\/ete\/","name":"\u00c9t\u00e9 _ Brides Les Bains","description":"L&#039;\u00e9t\u00e9 \u00e0 Brides Les Bains","publisher":{"@id":"https:\/\/www.brides-les-bains.com\/ete\/#organization"},"potentialAction":[{"@type":"SearchAction","target":{"@type":"EntryPoint","urlTemplate":"https:\/\/www.brides-les-bains.com\/ete\/?s={search_term_string}"},"query-input":{"@type":"PropertyValueSpecification","valueRequired":true,"valueName":"search_term_string"}}],"inLanguage":"fr-FR"},{"@type":"Organization","@id":"https:\/\/www.brides-les-bains.com\/ete\/#organization","name":"Office de Tourisme de Brides-les-Bains","url":"https:\/\/www.brides-les-bains.com\/ete\/","logo":{"@type":"ImageObject","inLanguage":"fr-FR","@id":"https:\/\/www.brides-les-bains.com\/ete\/#\/schema\/logo\/image\/","url":"https:\/\/www.brides-les-bains.com\/ete\/wp-content\/uploads\/sites\/2\/2017\/12\/pictos_logo-BLB.svg","contentUrl":"https:\/\/www.brides-les-bains.com\/ete\/wp-content\/uploads\/sites\/2\/2017\/12\/pictos_logo-BLB.svg","width":187,"height":170,"caption":"Office de Tourisme de Brides-les-Bains"},"image":{"@id":"https:\/\/www.brides-les-bains.com\/ete\/#\/schema\/logo\/image\/"}}]}},"_links":{"self":[{"href":"https:\/\/www.brides-les-bains.com\/ete\/wp-json\/wp\/v2\/pages\/9230","targetHints":{"allow":["GET"]}}],"collection":[{"href":"https:\/\/www.brides-les-bains.com\/ete\/wp-json\/wp\/v2\/pages"}],"about":[{"href":"https:\/\/www.brides-les-bains.com\/ete\/wp-json\/wp\/v2\/types\/page"}],"author":[{"embeddable":true,"href":"https:\/\/www.brides-les-bains.com\/ete\/wp-json\/wp\/v2\/users\/2"}],"replies":[{"embeddable":true,"href":"https:\/\/www.brides-les-bains.com\/ete\/wp-json\/wp\/v2\/comments?post=9230"}],"version-history":[{"count":0,"href":"https:\/\/www.brides-les-bains.com\/ete\/wp-json\/wp\/v2\/pages\/9230\/revisions"}],"up":[{"embeddable":true,"href":"https:\/\/www.brides-les-bains.com\/ete\/wp-json\/wp\/v2\/pages\/10889"}],"wp:featuredmedia":[{"embeddable":true,"href":"https:\/\/www.brides-les-bains.com\/ete\/wp-json\/wp\/v2\/media\/9231"}],"wp:attachment":[{"href":"https:\/\/www.brides-les-bains.com\/ete\/wp-json\/wp\/v2\/media?parent=9230"}],"curies":[{"name":"wp","href":"https:\/\/api.w.org\/{rel}","templated":true}]}}