{"id":8551,"date":"2020-10-28T17:40:30","date_gmt":"2020-10-28T16:40:30","guid":{"rendered":"https:\/\/www.brides-les-bains.com\/hiver\/?page_id=8551"},"modified":"2025-10-22T10:46:29","modified_gmt":"2025-10-22T08:46:29","slug":"spa-en-montagne","status":"publish","type":"page","link":"https:\/\/www.brides-les-bains.com\/hiver\/spa-bien-etre\/spa-en-montagne\/","title":{"rendered":"Spa en montagne"},"content":{"rendered":"","protected":false},"excerpt":{"rendered":"","protected":false},"author":2,"featured_media":5013,"parent":4682,"menu_order":0,"comment_status":"closed","ping_status":"closed","template":"","meta":{"_acf_changed":false,"inline_featured_image":false,"footnotes":""},"class_list":["post-8551","page","type-page","status-publish","has-post-thumbnail","hentry"],"acf":[],"yoast_head":"<!-- This site is optimized with the Yoast SEO plugin v27.3 - https:\/\/yoast.com\/product\/yoast-seo-wordpress\/ -->\n<title>Spa en montagne - Hiver - Brides-les-Bains Spa montagne dans les Alpes | Station Brides-les-Bains<\/title>\n<meta name=\"description\" content=\"Quoi de mieux que de se pr\u00e9lasser au spa \u00e0 la montagne au retour des pistes de ski ? R\u00e9servez votre s\u00e9jour de 15% \u00e0 30% moins cher \u00e0 Brides-les-Bains !\" \/>\n<meta name=\"robots\" content=\"index, follow, max-snippet:-1, max-image-preview:large, max-video-preview:-1\" \/>\n<link rel=\"canonical\" href=\"https:\/\/www.brides-les-bains.com\/hiver\/spa-bien-etre\/spa-en-montagne\/\" \/>\n<meta property=\"og:locale\" content=\"fr_FR\" \/>\n<meta property=\"og:type\" content=\"article\" \/>\n<meta property=\"og:title\" content=\"Spa en montagne - Hiver - Brides-les-Bains Spa montagne dans les Alpes | Station Brides-les-Bains\" \/>\n<meta property=\"og:description\" content=\"Quoi de mieux que de se pr\u00e9lasser au spa \u00e0 la montagne au retour des pistes de ski ? R\u00e9servez votre s\u00e9jour de 15% \u00e0 30% moins cher \u00e0 Brides-les-Bains !\" \/>\n<meta property=\"og:url\" content=\"https:\/\/www.brides-les-bains.com\/hiver\/spa-bien-etre\/spa-en-montagne\/\" \/>\n<meta property=\"og:site_name\" content=\"Hiver - Brides-les-Bains\" \/>\n<meta property=\"article:publisher\" content=\"https:\/\/www.facebook.com\/BrideslesbainsSki\/\" \/>\n<meta property=\"article:modified_time\" content=\"2025-10-22T08:46:29+00:00\" \/>\n<meta property=\"og:image\" content=\"https:\/\/www.brides-les-bains.com\/hiver\/wp-content\/uploads\/sites\/3\/2019\/08\/Brides-J.Mondi\u00e8re_1900-600.jpg\" \/>\n\t<meta property=\"og:image:width\" content=\"1900\" \/>\n\t<meta property=\"og:image:height\" content=\"600\" \/>\n\t<meta property=\"og:image:type\" content=\"image\/jpeg\" \/>\n<meta name=\"twitter:card\" content=\"summary_large_image\" \/>\n<meta name=\"twitter:label1\" content=\"Dur\u00e9e de lecture estim\u00e9e\" \/>\n\t<meta name=\"twitter:data1\" content=\"1 minute\" \/>\n<script type=\"application\/ld+json\" class=\"yoast-schema-graph\">{\"@context\":\"https:\\\/\\\/schema.org\",\"@graph\":[{\"@type\":\"WebPage\",\"@id\":\"https:\\\/\\\/www.brides-les-bains.com\\\/hiver\\\/spa-bien-etre\\\/spa-en-montagne\\\/\",\"url\":\"https:\\\/\\\/www.brides-les-bains.com\\\/hiver\\\/spa-bien-etre\\\/spa-en-montagne\\\/\",\"name\":\"Spa en montagne - Hiver - Brides-les-Bains Spa montagne dans les Alpes | Station Brides-les-Bains\",\"isPartOf\":{\"@id\":\"https:\\\/\\\/www.brides-les-bains.com\\\/hiver\\\/#website\"},\"primaryImageOfPage\":{\"@id\":\"https:\\\/\\\/www.brides-les-bains.com\\\/hiver\\\/spa-bien-etre\\\/spa-en-montagne\\\/#primaryimage\"},\"image\":{\"@id\":\"https:\\\/\\\/www.brides-les-bains.com\\\/hiver\\\/spa-bien-etre\\\/spa-en-montagne\\\/#primaryimage\"},\"thumbnailUrl\":\"https:\\\/\\\/www.brides-les-bains.com\\\/hiver\\\/wp-content\\\/uploads\\\/sites\\\/3\\\/2019\\\/08\\\/Brides-J.Mondi\u00e8re_1900-600.jpg\",\"datePublished\":\"2020-10-28T16:40:30+00:00\",\"dateModified\":\"2025-10-22T08:46:29+00:00\",\"description\":\"Quoi de mieux que de se pr\u00e9lasser au spa \u00e0 la montagne au retour des pistes de ski ? R\u00e9servez votre s\u00e9jour de 15% \u00e0 30% moins cher \u00e0 Brides-les-Bains !\",\"breadcrumb\":{\"@id\":\"https:\\\/\\\/www.brides-les-bains.com\\\/hiver\\\/spa-bien-etre\\\/spa-en-montagne\\\/#breadcrumb\"},\"inLanguage\":\"fr-FR\",\"potentialAction\":[{\"@type\":\"ReadAction\",\"target\":[\"https:\\\/\\\/www.brides-les-bains.com\\\/hiver\\\/spa-bien-etre\\\/spa-en-montagne\\\/\"]}]},{\"@type\":\"ImageObject\",\"inLanguage\":\"fr-FR\",\"@id\":\"https:\\\/\\\/www.brides-les-bains.com\\\/hiver\\\/spa-bien-etre\\\/spa-en-montagne\\\/#primaryimage\",\"url\":\"https:\\\/\\\/www.brides-les-bains.com\\\/hiver\\\/wp-content\\\/uploads\\\/sites\\\/3\\\/2019\\\/08\\\/Brides-J.Mondi\u00e8re_1900-600.jpg\",\"contentUrl\":\"https:\\\/\\\/www.brides-les-bains.com\\\/hiver\\\/wp-content\\\/uploads\\\/sites\\\/3\\\/2019\\\/08\\\/Brides-J.Mondi\u00e8re_1900-600.jpg\",\"width\":1900,\"height\":600},{\"@type\":\"BreadcrumbList\",\"@id\":\"https:\\\/\\\/www.brides-les-bains.com\\\/hiver\\\/spa-bien-etre\\\/spa-en-montagne\\\/#breadcrumb\",\"itemListElement\":[{\"@type\":\"ListItem\",\"position\":1,\"name\":\"Accueil\",\"item\":\"https:\\\/\\\/www.brides-les-bains.com\\\/hiver\\\/\"},{\"@type\":\"ListItem\",\"position\":2,\"name\":\"Spa &#038; Bien-\u00eatre\",\"item\":\"https:\\\/\\\/www.brides-les-bains.com\\\/hiver\\\/spa-bien-etre\\\/\"},{\"@type\":\"ListItem\",\"position\":3,\"name\":\"Spa en montagne\"}]},{\"@type\":\"WebSite\",\"@id\":\"https:\\\/\\\/www.brides-les-bains.com\\\/hiver\\\/#website\",\"url\":\"https:\\\/\\\/www.brides-les-bains.com\\\/hiver\\\/\",\"name\":\"Hiver - Brides-les-Bains\",\"description\":\"Activit\u00e9 hivernales \u00e0 Brides-les-Bains\",\"publisher\":{\"@id\":\"https:\\\/\\\/www.brides-les-bains.com\\\/hiver\\\/#organization\"},\"potentialAction\":[{\"@type\":\"SearchAction\",\"target\":{\"@type\":\"EntryPoint\",\"urlTemplate\":\"https:\\\/\\\/www.brides-les-bains.com\\\/hiver\\\/?s={search_term_string}\"},\"query-input\":{\"@type\":\"PropertyValueSpecification\",\"valueRequired\":true,\"valueName\":\"search_term_string\"}}],\"inLanguage\":\"fr-FR\"},{\"@type\":\"Organization\",\"@id\":\"https:\\\/\\\/www.brides-les-bains.com\\\/hiver\\\/#organization\",\"name\":\"Office de Tourisme de Brides-les-Bains\",\"url\":\"https:\\\/\\\/www.brides-les-bains.com\\\/hiver\\\/\",\"logo\":{\"@type\":\"ImageObject\",\"inLanguage\":\"fr-FR\",\"@id\":\"https:\\\/\\\/www.brides-les-bains.com\\\/hiver\\\/#\\\/schema\\\/logo\\\/image\\\/\",\"url\":\"https:\\\/\\\/www.brides-les-bains.com\\\/hiver\\\/wp-content\\\/uploads\\\/sites\\\/3\\\/2017\\\/12\\\/pictos_logo-BLB.svg\",\"contentUrl\":\"https:\\\/\\\/www.brides-les-bains.com\\\/hiver\\\/wp-content\\\/uploads\\\/sites\\\/3\\\/2017\\\/12\\\/pictos_logo-BLB.svg\",\"width\":187,\"height\":170,\"caption\":\"Office de Tourisme de Brides-les-Bains\"},\"image\":{\"@id\":\"https:\\\/\\\/www.brides-les-bains.com\\\/hiver\\\/#\\\/schema\\\/logo\\\/image\\\/\"},\"sameAs\":[\"https:\\\/\\\/www.facebook.com\\\/BrideslesbainsSki\\\/\",\"https:\\\/\\\/www.instagram.com\\\/brideslesbains\\\/\",\"https:\\\/\\\/fr.linkedin.com\\\/company\\\/brides-les-bains-tourisme\",\"https:\\\/\\\/www.youtube.com\\\/user\\\/BrideslesbainsTV\"]}]}<\/script>\n<!-- \/ Yoast SEO plugin. -->","yoast_head_json":{"title":"Spa en montagne - Hiver - Brides-les-Bains Spa montagne dans les Alpes | Station Brides-les-Bains","description":"Quoi de mieux que de se pr\u00e9lasser au spa \u00e0 la montagne au retour des pistes de ski ? R\u00e9servez votre s\u00e9jour de 15% \u00e0 30% moins cher \u00e0 Brides-les-Bains !","robots":{"index":"index","follow":"follow","max-snippet":"max-snippet:-1","max-image-preview":"max-image-preview:large","max-video-preview":"max-video-preview:-1"},"canonical":"https:\/\/www.brides-les-bains.com\/hiver\/spa-bien-etre\/spa-en-montagne\/","og_locale":"fr_FR","og_type":"article","og_title":"Spa en montagne - Hiver - Brides-les-Bains Spa montagne dans les Alpes | Station Brides-les-Bains","og_description":"Quoi de mieux que de se pr\u00e9lasser au spa \u00e0 la montagne au retour des pistes de ski ? R\u00e9servez votre s\u00e9jour de 15% \u00e0 30% moins cher \u00e0 Brides-les-Bains !","og_url":"https:\/\/www.brides-les-bains.com\/hiver\/spa-bien-etre\/spa-en-montagne\/","og_site_name":"Hiver - Brides-les-Bains","article_publisher":"https:\/\/www.facebook.com\/BrideslesbainsSki\/","article_modified_time":"2025-10-22T08:46:29+00:00","og_image":[{"width":1900,"height":600,"url":"https:\/\/www.brides-les-bains.com\/hiver\/wp-content\/uploads\/sites\/3\/2019\/08\/Brides-J.Mondi\u00e8re_1900-600.jpg","type":"image\/jpeg"}],"twitter_card":"summary_large_image","twitter_misc":{"Dur\u00e9e de lecture estim\u00e9e":"1 minute"},"schema":{"@context":"https:\/\/schema.org","@graph":[{"@type":"WebPage","@id":"https:\/\/www.brides-les-bains.com\/hiver\/spa-bien-etre\/spa-en-montagne\/","url":"https:\/\/www.brides-les-bains.com\/hiver\/spa-bien-etre\/spa-en-montagne\/","name":"Spa en montagne - Hiver - Brides-les-Bains Spa montagne dans les Alpes | Station Brides-les-Bains","isPartOf":{"@id":"https:\/\/www.brides-les-bains.com\/hiver\/#website"},"primaryImageOfPage":{"@id":"https:\/\/www.brides-les-bains.com\/hiver\/spa-bien-etre\/spa-en-montagne\/#primaryimage"},"image":{"@id":"https:\/\/www.brides-les-bains.com\/hiver\/spa-bien-etre\/spa-en-montagne\/#primaryimage"},"thumbnailUrl":"https:\/\/www.brides-les-bains.com\/hiver\/wp-content\/uploads\/sites\/3\/2019\/08\/Brides-J.Mondi\u00e8re_1900-600.jpg","datePublished":"2020-10-28T16:40:30+00:00","dateModified":"2025-10-22T08:46:29+00:00","description":"Quoi de mieux que de se pr\u00e9lasser au spa \u00e0 la montagne au retour des pistes de ski ? R\u00e9servez votre s\u00e9jour de 15% \u00e0 30% moins cher \u00e0 Brides-les-Bains !","breadcrumb":{"@id":"https:\/\/www.brides-les-bains.com\/hiver\/spa-bien-etre\/spa-en-montagne\/#breadcrumb"},"inLanguage":"fr-FR","potentialAction":[{"@type":"ReadAction","target":["https:\/\/www.brides-les-bains.com\/hiver\/spa-bien-etre\/spa-en-montagne\/"]}]},{"@type":"ImageObject","inLanguage":"fr-FR","@id":"https:\/\/www.brides-les-bains.com\/hiver\/spa-bien-etre\/spa-en-montagne\/#primaryimage","url":"https:\/\/www.brides-les-bains.com\/hiver\/wp-content\/uploads\/sites\/3\/2019\/08\/Brides-J.Mondi\u00e8re_1900-600.jpg","contentUrl":"https:\/\/www.brides-les-bains.com\/hiver\/wp-content\/uploads\/sites\/3\/2019\/08\/Brides-J.Mondi\u00e8re_1900-600.jpg","width":1900,"height":600},{"@type":"BreadcrumbList","@id":"https:\/\/www.brides-les-bains.com\/hiver\/spa-bien-etre\/spa-en-montagne\/#breadcrumb","itemListElement":[{"@type":"ListItem","position":1,"name":"Accueil","item":"https:\/\/www.brides-les-bains.com\/hiver\/"},{"@type":"ListItem","position":2,"name":"Spa &#038; Bien-\u00eatre","item":"https:\/\/www.brides-les-bains.com\/hiver\/spa-bien-etre\/"},{"@type":"ListItem","position":3,"name":"Spa en montagne"}]},{"@type":"WebSite","@id":"https:\/\/www.brides-les-bains.com\/hiver\/#website","url":"https:\/\/www.brides-les-bains.com\/hiver\/","name":"Hiver - Brides-les-Bains","description":"Activit\u00e9 hivernales \u00e0 Brides-les-Bains","publisher":{"@id":"https:\/\/www.brides-les-bains.com\/hiver\/#organization"},"potentialAction":[{"@type":"SearchAction","target":{"@type":"EntryPoint","urlTemplate":"https:\/\/www.brides-les-bains.com\/hiver\/?s={search_term_string}"},"query-input":{"@type":"PropertyValueSpecification","valueRequired":true,"valueName":"search_term_string"}}],"inLanguage":"fr-FR"},{"@type":"Organization","@id":"https:\/\/www.brides-les-bains.com\/hiver\/#organization","name":"Office de Tourisme de Brides-les-Bains","url":"https:\/\/www.brides-les-bains.com\/hiver\/","logo":{"@type":"ImageObject","inLanguage":"fr-FR","@id":"https:\/\/www.brides-les-bains.com\/hiver\/#\/schema\/logo\/image\/","url":"https:\/\/www.brides-les-bains.com\/hiver\/wp-content\/uploads\/sites\/3\/2017\/12\/pictos_logo-BLB.svg","contentUrl":"https:\/\/www.brides-les-bains.com\/hiver\/wp-content\/uploads\/sites\/3\/2017\/12\/pictos_logo-BLB.svg","width":187,"height":170,"caption":"Office de Tourisme de Brides-les-Bains"},"image":{"@id":"https:\/\/www.brides-les-bains.com\/hiver\/#\/schema\/logo\/image\/"},"sameAs":["https:\/\/www.facebook.com\/BrideslesbainsSki\/","https:\/\/www.instagram.com\/brideslesbains\/","https:\/\/fr.linkedin.com\/company\/brides-les-bains-tourisme","https:\/\/www.youtube.com\/user\/BrideslesbainsTV"]}]}},"_links":{"self":[{"href":"https:\/\/www.brides-les-bains.com\/hiver\/wp-json\/wp\/v2\/pages\/8551","targetHints":{"allow":["GET"]}}],"collection":[{"href":"https:\/\/www.brides-les-bains.com\/hiver\/wp-json\/wp\/v2\/pages"}],"about":[{"href":"https:\/\/www.brides-les-bains.com\/hiver\/wp-json\/wp\/v2\/types\/page"}],"author":[{"embeddable":true,"href":"https:\/\/www.brides-les-bains.com\/hiver\/wp-json\/wp\/v2\/users\/2"}],"replies":[{"embeddable":true,"href":"https:\/\/www.brides-les-bains.com\/hiver\/wp-json\/wp\/v2\/comments?post=8551"}],"version-history":[{"count":0,"href":"https:\/\/www.brides-les-bains.com\/hiver\/wp-json\/wp\/v2\/pages\/8551\/revisions"}],"up":[{"embeddable":true,"href":"https:\/\/www.brides-les-bains.com\/hiver\/wp-json\/wp\/v2\/pages\/4682"}],"wp:featuredmedia":[{"embeddable":true,"href":"https:\/\/www.brides-les-bains.com\/hiver\/wp-json\/wp\/v2\/media\/5013"}],"wp:attachment":[{"href":"https:\/\/www.brides-les-bains.com\/hiver\/wp-json\/wp\/v2\/media?parent=8551"}],"curies":[{"name":"wp","href":"https:\/\/api.w.org\/{rel}","templated":true}]}}